{"id":55574,"date":"2025-12-09T09:43:39","date_gmt":"2025-12-09T07:43:39","guid":{"rendered":"https:\/\/www.sttk.fi\/?page_id=55574"},"modified":"2025-12-09T09:43:40","modified_gmt":"2025-12-09T07:43:40","slug":"fackforbund-och-centralorganisationer","status":"publish","type":"page","link":"https:\/\/www.sttk.fi\/sv\/fackforbund-och-centralorganisationer\/","title":{"rendered":"Fackf\u00f6rbund och centralorganisationer"},"content":{"rendered":"\n<p class=\"lead-paragraph\"><\/p>\n\n\n\n<h2 class=\"wp-block-heading\" id=\"j\u00e4rjest\u00f6t\">Arbetsmarknadens centralorganisationer<\/h2>\n\n\n\n<p>Fackliga centralorganisationer representerar arbetstagarnas intressen och best\u00e5r av flera fackf\u00f6rbund. I Finland finns tre fackliga centralorganisationer: STTK, SAK och Akava. Dessa organisationer f\u00f6retr\u00e4der sina medlemsf\u00f6rbund och driver deras intressen genom att p\u00e5verka arbetslivets lagstiftning, avtal och samh\u00e4lleligt beslutsfattande. STTK bevakar \u00e4ven arbetstagarnas intressen internationellt.<\/p>\n\n\n\n<p>Arbetsgivarnas centralorganisationer \u00e4r bland annat Finlands N\u00e4ringsliv EK, Kommun- och v\u00e4lf\u00e4rdsomr\u00e5desarbetsgivarna KT, Statens arbetsmarknadsverk VTML och Kyrkans arbetsmarknadsverk KiT.<\/p>\n\n\n\n<p>F\u00f6rutom att p\u00e5verka arbetslivet deltar arbetsmarknadsorganisationerna ocks\u00e5 i utvecklingen av socialskyddet. Ut\u00f6ver arbetslivets lagar och avtal f\u00f6rhandlar organisationerna bland annat om pensionsavtal och deltar i den trepartsf\u00f6rberedda lagstiftningen om pensioner.<\/p>\n\n\n\n<h2 class=\"wp-block-heading\" id=\"liitot\">Fackf\u00f6rbund<\/h2>\n\n\n\n<p>Fackf\u00f6rbundens uppgift \u00e4r att bevaka arbetstagarnas intressen inom den bransch de representerar. Vid problem f\u00e5r arbetstagaren hj\u00e4lp av en f\u00f6rtroendeman som utbildats av facket p\u00e5 arbetsplatsen eller via fackets medlemsservice.<\/p>\n\n\n\n<p>Fackf\u00f6rbunden f\u00f6rhandlar om kollektivavtal, d\u00e4r man bland annat kommer \u00f6verens om l\u00f6nef\u00f6rh\u00f6jningar och andra minimivillkor i anst\u00e4llningen. Medlemmarna har m\u00f6jlighet att p\u00e5verka vilka fr\u00e5gor som tas upp i avtalsf\u00f6rhandlingarna. Fackf\u00f6rbunden ser till att etablerade f\u00f6rm\u00e5ner, s\u00e5som semester och \u00f6vertidsers\u00e4ttning, bevaras \u00e4ven i framtiden.<\/p>\n\n\n\n<p>Fackets betydelse framtr\u00e4der s\u00e4rskilt n\u00e4r en medlem st\u00f6ter p\u00e5 problem i arbetslivet. Medlemmen f\u00e5r hj\u00e4lp av arbetsplatsens f\u00f6rtroendeman eller fackets medlemsservice. Facket kan ocks\u00e5 erbjuda r\u00e4ttshj\u00e4lp vid behov.<\/p>\n\n\n\n<p>Att tillh\u00f6ra ett fackf\u00f6rbund och organisera sig \u00e4r varje arbetstagares r\u00e4tt och f\u00f6rdel.<\/p>\n\n\n\n<h2 class=\"wp-block-heading\" id=\"j\u00e4rjest\u00e4ytyminen\">Varf\u00f6r organisera sig?<\/h2>\n\n\n\n<p>Ju fler arbetstagare som \u00e4r med i facket, desto b\u00e4ttre m\u00f6jligheter har l\u00f6ntagarna att f\u00f6rhandla om l\u00f6nef\u00f6rh\u00f6jningar och f\u00f6rb\u00e4ttra anst\u00e4llningsvillkoren. Organisationsgraden \u2013 allts\u00e5 hur m\u00e5nga l\u00f6ntagare som \u00e4r med i facket \u2013 har samband med fungerande arbetsmarknader och samh\u00e4llsstabilitet.<\/p>\n\n\n\n<p>Medlemsantalet i fackf\u00f6rbund har minskat under de senaste \u00e5rtiondena. Utvecklingen \u00e4r oroande eftersom den direkt p\u00e5verkar l\u00f6ntagarnas f\u00f6rhandlingsstyrka p\u00e5 arbetsmarknaden. \u00c4ven om organisationsgraden har sjunkit i Finland \u00e4r den fortfarande h\u00f6g i internationell j\u00e4mf\u00f6relse. Detta visar att gemensamma fr\u00e5gor, s\u00e5som att p\u00e5verka arbetslivets lagstiftning, medlemsservice samt f\u00f6rsvar av arbetstagarnas r\u00e4ttigheter och intressebevakning, fortfarande v\u00e4rderas och beh\u00f6vs.<\/p>\n\n\n\n<p>Att organisera sig i ett fackf\u00f6rbund tryggar sk\u00e4liga arbetsvillkor och hj\u00e4lp om det uppst\u00e5r tvister p\u00e5 arbetsplatsen. F\u00e5 arbetstagare, s\u00e4rskilt unga, skulle ensamma kunna f\u00f6rhandla fram regelbundna l\u00f6nef\u00f6rh\u00f6jningar, semesterpenning, betald f\u00f6r\u00e4ldraledighet eller betald sjukledighet utan ett kollektivavtal som facket f\u00f6rhandlat fram och fackets st\u00f6d.<\/p>\n\n\n\n<p>Att tillh\u00f6ra ett fackf\u00f6rbund och organisera sig l\u00f6nar sig, eftersom f\u00e5 klarar sig ensamma i arbetslivet.<\/p>\n\n\n\n<p>Organisering har en enorm samh\u00e4llelig betydelse. Genom att organisera dig tryggar du dina egna och gemensamma arbetsvillkor och m\u00f6jligheten att p\u00e5verka deras utveckling. Organisationsgraden p\u00e5verkar b\u00e5de fackf\u00f6rbundens och centralorganisationernas legitimitet och f\u00f6rhandlingsstyrka.<\/p>\n\n\n\n<p>Ett av STTK:s strategiska fokusomr\u00e5den \u00e4r att tala f\u00f6r fackf\u00f6rbundens arbete och st\u00e4rka avtalsmodellen. Vi \u00e4r bekymrade \u00f6ver utvecklingen av organisationsgraden och arbetar aktivt f\u00f6r att h\u00f6ja den.<\/p>\n","protected":false},"excerpt":{"rendered":"Arbetsmarknadens centralorganisationer Fackliga centralorganisationer representerar arbetstagarnas intressen och best\u00e5r av flera fackf\u00f6rbund. I Finland finns tre fackliga centralorganisationer:&#8230; ","protected":false},"author":13,"featured_media":0,"parent":0,"menu_order":0,"comment_status":"closed","ping_status":"closed","template":"","meta":{"_acf_changed":false,"footnotes":""},"subject":[],"class_list":["post-55574","page","type-page","status-publish","hentry"],"acf":{"lead_paragraph":""},"yoast_head":"<!-- This site is optimized with the Yoast SEO plugin v27.4 - https:\/\/yoast.com\/product\/yoast-seo-wordpress\/ -->\n<title>Fackf\u00f6rbund och centralorganisationer - STTK<\/title>\n<meta name=\"robots\" content=\"index, follow, max-snippet:-1, max-image-preview:large, max-video-preview:-1\" \/>\n<link rel=\"canonical\" href=\"https:\/\/www.sttk.fi\/sv\/fackforbund-och-centralorganisationer\/\" \/>\n<meta property=\"og:locale\" content=\"sv_SE\" \/>\n<meta property=\"og:type\" content=\"article\" \/>\n<meta property=\"og:title\" content=\"Fackf\u00f6rbund och centralorganisationer - STTK\" \/>\n<meta property=\"og:description\" content=\"Arbetsmarknadens centralorganisationer Fackliga centralorganisationer representerar arbetstagarnas intressen och best\u00e5r av flera fackf\u00f6rbund. I Finland finns tre fackliga centralorganisationer:...\" \/>\n<meta property=\"og:url\" content=\"https:\/\/www.sttk.fi\/sv\/fackforbund-och-centralorganisationer\/\" \/>\n<meta property=\"og:site_name\" content=\"STTK\" \/>\n<meta property=\"article:publisher\" content=\"https:\/\/www.facebook.com\/#%21%2fKeskusjarjestoSTTK\" \/>\n<meta property=\"article:modified_time\" content=\"2025-12-09T07:43:40+00:00\" \/>\n<meta property=\"og:image\" content=\"https:\/\/www.sttk.fi\/wp-content\/uploads\/sites\/2\/2020\/08\/some-logo.png\" \/>\n\t<meta property=\"og:image:width\" content=\"1130\" \/>\n\t<meta property=\"og:image:height\" content=\"682\" \/>\n\t<meta property=\"og:image:type\" content=\"image\/png\" \/>\n<meta name=\"twitter:card\" content=\"summary_large_image\" \/>\n<meta name=\"twitter:site\" content=\"@STTKMikonkatu\" \/>\n<meta name=\"twitter:label1\" content=\"Est. reading time\" \/>\n\t<meta name=\"twitter:data1\" content=\"3 minuter\" \/>\n<script type=\"application\/ld+json\" class=\"yoast-schema-graph\">{\"@context\":\"https:\\\/\\\/schema.org\",\"@graph\":[{\"@type\":\"WebPage\",\"@id\":\"https:\\\/\\\/www.sttk.fi\\\/sv\\\/fackforbund-och-centralorganisationer\\\/\",\"url\":\"https:\\\/\\\/www.sttk.fi\\\/sv\\\/fackforbund-och-centralorganisationer\\\/\",\"name\":\"Fackf\u00f6rbund och centralorganisationer - STTK\",\"isPartOf\":{\"@id\":\"https:\\\/\\\/www.sttk.fi\\\/#website\"},\"datePublished\":\"2025-12-09T07:43:39+00:00\",\"dateModified\":\"2025-12-09T07:43:40+00:00\",\"breadcrumb\":{\"@id\":\"https:\\\/\\\/www.sttk.fi\\\/sv\\\/fackforbund-och-centralorganisationer\\\/#breadcrumb\"},\"inLanguage\":\"sv-SE\",\"potentialAction\":[{\"@type\":\"ReadAction\",\"target\":[\"https:\\\/\\\/www.sttk.fi\\\/sv\\\/fackforbund-och-centralorganisationer\\\/\"]}]},{\"@type\":\"BreadcrumbList\",\"@id\":\"https:\\\/\\\/www.sttk.fi\\\/sv\\\/fackforbund-och-centralorganisationer\\\/#breadcrumb\",\"itemListElement\":[{\"@type\":\"ListItem\",\"position\":1,\"name\":\"Home\",\"item\":\"https:\\\/\\\/www.sttk.fi\\\/sv\\\/\"},{\"@type\":\"ListItem\",\"position\":2,\"name\":\"Fackf\u00f6rbund och centralorganisationer\"}]},{\"@type\":\"WebSite\",\"@id\":\"https:\\\/\\\/www.sttk.fi\\\/#website\",\"url\":\"https:\\\/\\\/www.sttk.fi\\\/\",\"name\":\"STTK\",\"description\":\"\",\"publisher\":{\"@id\":\"https:\\\/\\\/www.sttk.fi\\\/#organization\"},\"potentialAction\":[{\"@type\":\"SearchAction\",\"target\":{\"@type\":\"EntryPoint\",\"urlTemplate\":\"https:\\\/\\\/www.sttk.fi\\\/?s={search_term_string}\"},\"query-input\":{\"@type\":\"PropertyValueSpecification\",\"valueRequired\":true,\"valueName\":\"search_term_string\"}}],\"inLanguage\":\"sv-SE\"},{\"@type\":\"Organization\",\"@id\":\"https:\\\/\\\/www.sttk.fi\\\/#organization\",\"name\":\"STTK\",\"url\":\"https:\\\/\\\/www.sttk.fi\\\/\",\"logo\":{\"@type\":\"ImageObject\",\"inLanguage\":\"sv-SE\",\"@id\":\"https:\\\/\\\/www.sttk.fi\\\/#\\\/schema\\\/logo\\\/image\\\/\",\"url\":\"https:\\\/\\\/www.sttk.fi\\\/wp-content\\\/uploads\\\/sites\\\/2\\\/2025\\\/12\\\/vector3.svg\",\"contentUrl\":\"https:\\\/\\\/www.sttk.fi\\\/wp-content\\\/uploads\\\/sites\\\/2\\\/2025\\\/12\\\/vector3.svg\",\"caption\":\"STTK\"},\"image\":{\"@id\":\"https:\\\/\\\/www.sttk.fi\\\/#\\\/schema\\\/logo\\\/image\\\/\"},\"sameAs\":[\"https:\\\/\\\/www.facebook.com\\\/#!\\\/KeskusjarjestoSTTK\",\"https:\\\/\\\/x.com\\\/STTKMikonkatu\",\"http:\\\/\\\/www.youtube.com\\\/user\\\/protoimihenkilot\"]}]}<\/script>\n<!-- \/ Yoast SEO plugin. -->","yoast_head_json":{"title":"Fackf\u00f6rbund och centralorganisationer - STTK","robots":{"index":"index","follow":"follow","max-snippet":"max-snippet:-1","max-image-preview":"max-image-preview:large","max-video-preview":"max-video-preview:-1"},"canonical":"https:\/\/www.sttk.fi\/sv\/fackforbund-och-centralorganisationer\/","og_locale":"sv_SE","og_type":"article","og_title":"Fackf\u00f6rbund och centralorganisationer - STTK","og_description":"Arbetsmarknadens centralorganisationer Fackliga centralorganisationer representerar arbetstagarnas intressen och best\u00e5r av flera fackf\u00f6rbund. I Finland finns tre fackliga centralorganisationer:...","og_url":"https:\/\/www.sttk.fi\/sv\/fackforbund-och-centralorganisationer\/","og_site_name":"STTK","article_publisher":"https:\/\/www.facebook.com\/#%21%2fKeskusjarjestoSTTK","article_modified_time":"2025-12-09T07:43:40+00:00","og_image":[{"width":1130,"height":682,"url":"https:\/\/www.sttk.fi\/wp-content\/uploads\/sites\/2\/2020\/08\/some-logo.png","type":"image\/png"}],"twitter_card":"summary_large_image","twitter_site":"@STTKMikonkatu","twitter_misc":{"Est. reading time":"3 minuter"},"schema":{"@context":"https:\/\/schema.org","@graph":[{"@type":"WebPage","@id":"https:\/\/www.sttk.fi\/sv\/fackforbund-och-centralorganisationer\/","url":"https:\/\/www.sttk.fi\/sv\/fackforbund-och-centralorganisationer\/","name":"Fackf\u00f6rbund och centralorganisationer - STTK","isPartOf":{"@id":"https:\/\/www.sttk.fi\/#website"},"datePublished":"2025-12-09T07:43:39+00:00","dateModified":"2025-12-09T07:43:40+00:00","breadcrumb":{"@id":"https:\/\/www.sttk.fi\/sv\/fackforbund-och-centralorganisationer\/#breadcrumb"},"inLanguage":"sv-SE","potentialAction":[{"@type":"ReadAction","target":["https:\/\/www.sttk.fi\/sv\/fackforbund-och-centralorganisationer\/"]}]},{"@type":"BreadcrumbList","@id":"https:\/\/www.sttk.fi\/sv\/fackforbund-och-centralorganisationer\/#breadcrumb","itemListElement":[{"@type":"ListItem","position":1,"name":"Home","item":"https:\/\/www.sttk.fi\/sv\/"},{"@type":"ListItem","position":2,"name":"Fackf\u00f6rbund och centralorganisationer"}]},{"@type":"WebSite","@id":"https:\/\/www.sttk.fi\/#website","url":"https:\/\/www.sttk.fi\/","name":"STTK","description":"","publisher":{"@id":"https:\/\/www.sttk.fi\/#organization"},"potentialAction":[{"@type":"SearchAction","target":{"@type":"EntryPoint","urlTemplate":"https:\/\/www.sttk.fi\/?s={search_term_string}"},"query-input":{"@type":"PropertyValueSpecification","valueRequired":true,"valueName":"search_term_string"}}],"inLanguage":"sv-SE"},{"@type":"Organization","@id":"https:\/\/www.sttk.fi\/#organization","name":"STTK","url":"https:\/\/www.sttk.fi\/","logo":{"@type":"ImageObject","inLanguage":"sv-SE","@id":"https:\/\/www.sttk.fi\/#\/schema\/logo\/image\/","url":"https:\/\/www.sttk.fi\/wp-content\/uploads\/sites\/2\/2025\/12\/vector3.svg","contentUrl":"https:\/\/www.sttk.fi\/wp-content\/uploads\/sites\/2\/2025\/12\/vector3.svg","caption":"STTK"},"image":{"@id":"https:\/\/www.sttk.fi\/#\/schema\/logo\/image\/"},"sameAs":["https:\/\/www.facebook.com\/#!\/KeskusjarjestoSTTK","https:\/\/x.com\/STTKMikonkatu","http:\/\/www.youtube.com\/user\/protoimihenkilot"]}]}},"_links":{"self":[{"href":"https:\/\/www.sttk.fi\/sv\/wp-json\/wp\/v2\/pages\/55574","targetHints":{"allow":["GET"]}}],"collection":[{"href":"https:\/\/www.sttk.fi\/sv\/wp-json\/wp\/v2\/pages"}],"about":[{"href":"https:\/\/www.sttk.fi\/sv\/wp-json\/wp\/v2\/types\/page"}],"author":[{"embeddable":true,"href":"https:\/\/www.sttk.fi\/sv\/wp-json\/wp\/v2\/users\/13"}],"replies":[{"embeddable":true,"href":"https:\/\/www.sttk.fi\/sv\/wp-json\/wp\/v2\/comments?post=55574"}],"version-history":[{"count":1,"href":"https:\/\/www.sttk.fi\/sv\/wp-json\/wp\/v2\/pages\/55574\/revisions"}],"predecessor-version":[{"id":55575,"href":"https:\/\/www.sttk.fi\/sv\/wp-json\/wp\/v2\/pages\/55574\/revisions\/55575"}],"wp:attachment":[{"href":"https:\/\/www.sttk.fi\/sv\/wp-json\/wp\/v2\/media?parent=55574"}],"wp:term":[{"taxonomy":"subject","embeddable":true,"href":"https:\/\/www.sttk.fi\/sv\/wp-json\/wp\/v2\/subject?post=55574"}],"curies":[{"name":"wp","href":"https:\/\/api.w.org\/{rel}","templated":true}]}}