{"id":55563,"date":"2025-12-09T09:26:07","date_gmt":"2025-12-09T07:26:07","guid":{"rendered":"https:\/\/www.sttk.fi\/?page_id=55563"},"modified":"2025-12-09T09:26:07","modified_gmt":"2025-12-09T07:26:07","slug":"trygghet-i-livets-olika-skeden","status":"publish","type":"page","link":"https:\/\/www.sttk.fi\/sv\/trygghet-i-livets-olika-skeden\/","title":{"rendered":"Trygghet i livets olika skeden"},"content":{"rendered":"\n<p class=\"lead-paragraph\">Arbetspension, invalidpension och inkomstrelaterad arbetsl\u00f6shetsers\u00e4ttning baseras p\u00e5 l\u00f6n som tj\u00e4nats under arbete. Socialskydds- och pensionssystemet finansieras till stor del av arbetsgivare och arbetstagare sj\u00e4lva. D\u00e4rf\u00f6r \u00e4r det viktigt att vi deltar i beslutsfattandet kring dessa fr\u00e5gor.<\/p>\n\n\n\n<h2 class=\"wp-block-heading\" id=\"etuudet\">Sociala f\u00f6rm\u00e5ner m\u00e5ste garantera tillr\u00e4cklig f\u00f6rs\u00f6rjning<\/h2>\n\n\n\n<p>Finlands socialskydd \u00e4r i stor utstr\u00e4ckning uppbyggt p\u00e5 lagstadgade f\u00f6rs\u00e4kringar. Detta avser ett socialf\u00f6rs\u00e4kringssystem som ger skydd mot olika sociala risker. F\u00f6rm\u00e5ner som baseras p\u00e5 socialf\u00f6rs\u00e4kring \u00e4r bland annat arbetspensionsf\u00f6rs\u00e4kring, sjukf\u00f6rs\u00e4kring, olycksfalls- och yrkessjukdomsf\u00f6rs\u00e4kring, arbetsl\u00f6shetsf\u00f6rs\u00e4kring samt folk- och garantipensioner. Dessa f\u00f6rm\u00e5ner tryggar f\u00f6rs\u00f6rjningen vid arbetsl\u00f6shet, sjukdom, arbetsof\u00f6rm\u00e5ga, barnets f\u00f6delse, \u00e5lderdom samt vid familjef\u00f6rs\u00f6rjarens d\u00f6d.<\/p>\n\n\n\n<p>Socialf\u00f6rs\u00e4kringsf\u00f6rm\u00e5ner \u00e4r inkomstrelaterade och baseras p\u00e5 arbete. F\u00f6rm\u00e5nerna finansieras till st\u00f6rsta delen med f\u00f6rs\u00e4kringsavgifter som tas ut fr\u00e5n f\u00f6rs\u00e4krade och arbetsgivare. Staten finansierar en del av kostnaderna med skattemedel. Socialf\u00f6rs\u00e4kringssystemet kompletteras av olika skattefinansierade f\u00f6rm\u00e5ner, s\u00e5som bostadsbidrag och utkomstst\u00f6d, som \u00e4r avsedda som en sista utv\u00e4g f\u00f6r f\u00f6rs\u00f6rjning.<\/p>\n\n\n\n<h3 class=\"wp-block-heading\">Medel f\u00f6r att utveckla socialf\u00f6rs\u00e4krings- och servicesystemet<\/h3>\n\n\n\n<ul class=\"wp-block-list\">\n<li>Tillr\u00e4cklig f\u00f6rs\u00f6rjning m\u00e5ste garanteras mot sociala risker.<\/li>\n\n\n\n<li>Sociala f\u00f6rm\u00e5ner ska vara tillr\u00e4ckligt tydliga och begripliga f\u00f6r alla.<\/li>\n\n\n\n<li>Socialskyddet ska erbjuda m\u00e4nniskor god omsorg \u00e4ven genom tj\u00e4nster, s\u00e5som TE- och social- och h\u00e4lsov\u00e5rdstj\u00e4nster.<\/li>\n\n\n\n<li>Servicesystemet ska st\u00f6dja m\u00e4nniskors m\u00f6jligheter att f\u00e5 arbete och stanna kvar i arbetslivet samt uppmuntra till delaktighet.<\/li>\n\n\n\n<li>Tj\u00e4nsterna ska vara tillr\u00e4ckligt omfattande, r\u00e4tt riktade och effektiva.<\/li>\n\n\n\n<li>F\u00f6rm\u00e5ns- och servicesystemen ska byggas p\u00e5 ett socialt och ekonomiskt h\u00e5llbart och r\u00e4ttvist s\u00e4tt.<\/li>\n\n\n\n<li>F\u00f6rm\u00e5ner och tj\u00e4nster ska st\u00f6dja samordningen mellan arbete och socialskydd i f\u00f6r\u00e4nderliga livssituationer.<\/li>\n<\/ul>\n\n\n\n<h2 class=\"wp-block-heading\" id=\"te-palvelut\">Utveckling av arbetskraftstj\u00e4nster \u00e4r centralt i syssels\u00e4ttningspolitiken<\/h2>\n\n\n\n<p>Att h\u00f6ja syssels\u00e4ttningsgraden kr\u00e4ver v\u00e4lriktade och ut\u00f6kade tj\u00e4nster f\u00f6r arbetsl\u00f6sa och personer som riskerar arbetsl\u00f6shet. Syssels\u00e4ttningen f\u00f6r sv\u00e5rplacerade grupper, s\u00e5som \u00e4ldre, invandrare och personer med nedsatt arbetsf\u00f6rm\u00e5ga, kan underl\u00e4ttas genom att s\u00e4kerst\u00e4lla personlig service. Utvecklingen av arbetskraftstj\u00e4nster \u00e4r en central del av syssels\u00e4ttningspolitiken.<\/p>\n\n\n\n<p>TE-tj\u00e4nster avser offentliga arbetskrafts- och f\u00f6retagsservice som syftar till att hj\u00e4lpa arbetss\u00f6kande och arbetsgivare att hitta varandra. Arbetsl\u00f6sa arbetss\u00f6kande erbjuds hj\u00e4lp med jobbs\u00f6kning, deras r\u00e4ttigheter och skyldigheter s\u00e4kerst\u00e4lls och vid behov h\u00e4nvisas de till andra tj\u00e4nster.<\/p>\n\n\n\n<p>Arbetskraftstj\u00e4nsterna \u00f6verf\u00f6rdes fr\u00e5n staten till kommunernas ansvar i b\u00f6rjan av 2025. I praktiken ansvarar ofta syssels\u00e4ttningsomr\u00e5den som bildats av kommuner f\u00f6r tj\u00e4nsterna. Reformens syfte \u00e4r att f\u00f6ra tj\u00e4nsterna n\u00e4rmare lokala f\u00f6rh\u00e5llanden och arbetsplatser och d\u00e4rigenom skapa positiva syssels\u00e4ttningseffekter.<\/p>\n\n\n\n<p>Enligt syssels\u00e4ttningsstatistiken har f\u00f6rdelarna \u00e4nnu inte realiserats. Kunskap om lokala f\u00f6rh\u00e5llanden och kopplingar till andra syssels\u00e4ttningsrelaterade funktioner kan hj\u00e4lpa kommunerna att uppn\u00e5 syssels\u00e4ttningsf\u00f6rdelar.<\/p>\n\n\n\n<h3 class=\"wp-block-heading\">Medel f\u00f6r att utveckla arbetskraftstj\u00e4nster<\/h3>\n\n\n\n<ul class=\"wp-block-list\">\n<li>Resurserna f\u00f6r arbetskraftstj\u00e4nster m\u00e5ste p\u00e5 l\u00e5ng sikt h\u00f6jas till nordisk niv\u00e5.<\/li>\n\n\n\n<li>Framg\u00e5ngen i syssels\u00e4ttningsarbetet ska bed\u00f6mas ur syssels\u00e4ttningsperspektiv.<\/li>\n\n\n\n<li>Tj\u00e4nster och metoder som fr\u00e4mjar syssels\u00e4ttning ska utnyttjas, medan ineffektiva tj\u00e4nster ska minskas eller utvecklas.<\/li>\n\n\n\n<li>Kopplingarna mellan arbetskraftstj\u00e4nster, utbildning och v\u00e4lf\u00e4rdsomr\u00e5denas tj\u00e4nster ska st\u00e4rkas.<\/li>\n\n\n\n<li>Arbetsl\u00f6sa ska garanteras tillg\u00e5ng till h\u00e4lsokontroller och arbetsf\u00f6rm\u00e5gebed\u00f6mning i ett tidigt skede.<\/li>\n\n\n\n<li>S\u00e4rskilt vid h\u00f6g arbetsl\u00f6shet beh\u00f6vs nya id\u00e9er och f\u00f6rs\u00f6k, s\u00e5som ett nytt statligt syssels\u00e4ttningsbolag eller syssels\u00e4ttningsprogram inom den offentliga sektorn.<\/li>\n<\/ul>\n\n\n\n<h2 class=\"wp-block-heading\" id=\"sote-palvelut\">S\u00e4kring av finansiering f\u00f6r social- och h\u00e4lsov\u00e5rdstj\u00e4nster<\/h2>\n\n\n\n<p>Social- och h\u00e4lsov\u00e5rdstj\u00e4nster samt r\u00e4ddningstj\u00e4nst \u00f6verf\u00f6rdes till v\u00e4lf\u00e4rdsomr\u00e5denas ansvar i b\u00f6rjan av 2023 som en del av v\u00e5rdreformen. M\u00e5let var att skapa h\u00f6gkvalitativa och j\u00e4mlika social-, h\u00e4lso- och r\u00e4ddningstj\u00e4nster i hela landet, minska h\u00e4lsoskillnader, st\u00e4rka tillg\u00e4nglighet och tillg\u00e5ng samt bromsa kostnads\u00f6kningen.<\/p>\n\n\n\n<p>Det verkar dock som att kostnadskontroll har blivit v\u00e4lf\u00e4rdsomr\u00e5denas fr\u00e4msta uppgift. Utvecklingen av tj\u00e4nster och f\u00f6rb\u00e4ttrad tillg\u00e5ng har hamnat i skymundan. Regionala skillnader i tillg\u00e5ng till v\u00e5rd \u00e4r betydande och risken f\u00f6r \u00f6kad oj\u00e4mlikhet mellan omr\u00e5den v\u00e4xer. F\u00f6r att minska v\u00e5rdk\u00f6erna har finansiering styrts till den privata sektorn ist\u00e4llet f\u00f6r att st\u00f6dja omr\u00e5dena i att uppn\u00e5 den str\u00e4ngare v\u00e5rdgarantin.<\/p>\n\n\n\n<p>Finansieringen f\u00f6r v\u00e4lf\u00e4rdsomr\u00e5dena \u00e4r otillr\u00e4cklig f\u00f6r att m\u00f6ta de v\u00e4xande servicebehoven. Omr\u00e5den under spartryck har tvingats g\u00f6ra sm\u00e4rtsamma nedsk\u00e4rningar och prioritera tj\u00e4nster. P\u00e5 m\u00e5nga omr\u00e5den har l\u00e5ngvarig personalbrist \u00f6verg\u00e5tt till omfattande personalminskningar.<\/p>\n\n\n\n<p>V\u00e4lf\u00e4rdsomr\u00e5dena ansvarar f\u00f6r social- och h\u00e4lsov\u00e5rdspersonalens ork och arbetsv\u00e4lm\u00e5ende. Utan m\u00e5lmedveten utveckling av arbetsf\u00f6rh\u00e5llanden och ledarskap kan man inte s\u00e4kerst\u00e4lla att det i framtiden finns tillr\u00e4ckligt med personal inom v\u00e5rdsektorn. Arbetsf\u00f6rh\u00e5llandena m\u00e5ste f\u00f6rb\u00e4ttras och sektorns attraktionskraft och h\u00e5llbarhet st\u00e4rkas.<\/p>\n\n\n\n<p>Att fr\u00e4mja h\u00e4lsa och v\u00e4lbefinnande skapar grunden f\u00f6r befolkningens arbets- och funktionsf\u00f6rm\u00e5ga, minskar v\u00e4lf\u00e4rds- och h\u00e4lsoskillnader och uppr\u00e4tth\u00e5ller trygghet och delaktighet. F\u00f6r att s\u00e4kerst\u00e4lla tillg\u00e5ng till v\u00e5rd och st\u00e4rka prim\u00e4rv\u00e5rden beh\u00f6vs tillr\u00e4ckliga resurser och tv\u00e4rsektoriellt samarbete.<\/p>\n\n\n\n<h3 class=\"wp-block-heading\">Medel f\u00f6r att s\u00e4kra finansiering och utveckla social- och h\u00e4lsov\u00e5rdstj\u00e4nster<\/h3>\n\n\n\n<ul class=\"wp-block-list\">\n<li>Den offentliga sektorn ska \u00e4ven forts\u00e4ttningsvis vara den prim\u00e4ra producenten av social- och h\u00e4lsov\u00e5rdstj\u00e4nster. <\/li>\n\n\n\n<li>Tj\u00e4nster kan k\u00f6pas fr\u00e5n privata producenter n\u00e4r det \u00e4r \u00e4ndam\u00e5lsenligt.Inf\u00f6randet av en regionalskatt b\u00f6r \u00f6verv\u00e4gas som ett incitament f\u00f6r v\u00e4lf\u00e4rdsomr\u00e5den att bromsa kostnads\u00f6kningen.<\/li>\n\n\n\n<li>Regional j\u00e4mlikhet m\u00e5ste utvecklas nationellt f\u00f6r att s\u00e4kerst\u00e4lla likv\u00e4rdig och r\u00e4ttidig tillg\u00e5ng till tj\u00e4nster \u00f6verallt.Ledare inom v\u00e5rd beh\u00f6vs f\u00f6r att leda den st\u00f6rsta personalgruppen inom social- och h\u00e4lsov\u00e5rden. <\/li>\n\n\n\n<li>Utbildade v\u00e5rdledare och chefer s\u00e4kerst\u00e4ller personalens tillg\u00e5ng, kontinuitet och v\u00e4lbefinnande.<\/li>\n\n\n\n<li>Prim\u00e4rv\u00e5rden och kontinuiteten i v\u00e5rden m\u00e5ste utvecklas.<\/li>\n<\/ul>\n\n\n\n<h2 class=\"wp-block-heading\" id=\"ty\u00f6tt\u00f6myysturva\">Arbetsl\u00f6shetsf\u00f6rs\u00e4kring \u00e4r en f\u00f6rs\u00e4kring mot arbetsl\u00f6shet<\/h2>\n\n\n\n<p>Arbetsl\u00f6shetsf\u00f6rs\u00e4kringen \u00e4r ett skyddsn\u00e4t som tryggar f\u00f6rs\u00f6rjningen. M\u00e5let \u00e4r att garantera tillr\u00e4cklig inkomst och omsorg vid arbetsl\u00f6shet och i situationer d\u00e4r det inte finns tillr\u00e4ckligt med arbete.<\/p>\n\n\n\n<p>Arbetsl\u00f6shetsf\u00f6rs\u00e4kringen \u00e4r en del av socialskyddet och best\u00e5r av olika f\u00f6rm\u00e5ner och tj\u00e4nster. F\u00f6rm\u00e5ner som kan beviljas arbetsl\u00f6sa \u00e4r arbetsmarknadsst\u00f6d, grunddagpenning och inkomstrelaterad dagpenning, vilka regleras i lagen om arbetsl\u00f6shetsf\u00f6rs\u00e4kring.<\/p>\n\n\n\n<p>N\u00e4r arbete och samh\u00e4lle f\u00f6r\u00e4ndras m\u00e5ste arbetsl\u00f6shetsf\u00f6rs\u00e4kringen utvecklas aktivt. F\u00f6rutom f\u00f6rs\u00f6rjning och omsorg \u00e4r det viktigt att beakta hur arbetsl\u00f6shetsf\u00f6rs\u00e4kringen fungerar i olika livssituationer och hur delaktighet, arbetsf\u00f6rm\u00e5ga och kompetens kan utvecklas under arbetsl\u00f6shet. \u00c5tg\u00e4rder f\u00f6r att f\u00f6rebygga arbetsl\u00f6shet blir allt viktigare i framtiden.<\/p>\n\n\n\n<p>Arbetsmarknadsorganisationerna har en central roll som byggare av arbetslivet och socialskyddssystemet. Det \u00e4r viktigt att arbetsl\u00f6shetsf\u00f6rs\u00e4kringen \u00e4ven forts\u00e4ttningsvis utvecklas i dialog med olika samh\u00e4llsakt\u00f6rer och politiska beslutsfattare.<\/p>\n\n\n\n<h3 class=\"wp-block-heading\">Medel f\u00f6r att utveckla arbetsl\u00f6shetsf\u00f6rs\u00e4kringen<\/h3>\n\n\n\n<ul class=\"wp-block-list\">\n<li>Den inkomstrelaterade f\u00f6rm\u00e5nen ska m\u00f6jligg\u00f6ra bibeh\u00e5llandet av en rimlig levnadsstandard under arbetsl\u00f6shet.<\/li>\n\n\n\n<li>Systemets ekonomiska h\u00e5llbarhet m\u00e5ste s\u00e4kerst\u00e4llas. <\/li>\n\n\n\n<li>F\u00f6rutom grundskydd beh\u00f6vs ett fungerande f\u00f6rs\u00e4kringsbaserat inkomstskyddssystem och arbete m\u00e5ste l\u00f6na sig.<\/li>\n\n\n\n<li>Kompetensutveckling m\u00e5ste beaktas b\u00e4ttre i arbetsl\u00f6shetsf\u00f6rs\u00e4kringen. <\/li>\n\n\n\n<li>Detta inneb\u00e4r satsningar p\u00e5 kompetensutveckling under arbetslivet och mer flexibla och effektiva m\u00f6jligheter f\u00f6r arbetsl\u00f6sa att studera under arbetsl\u00f6shet.<\/li>\n\n\n\n<li>Arbetsl\u00f6shetsf\u00f6rs\u00e4kringssystemet m\u00e5ste b\u00e4ttre beakta behoven hos egenf\u00f6retagare samt personer i deltids-, korttids- och gigarbete.<\/li>\n<\/ul>\n\n\n\n<h2 class=\"wp-block-heading\" id=\"el\u00e4kej\u00e4rjestelm\u00e4\">Pensionssystemet m\u00e5ste utvecklas i takt med samh\u00e4llet<\/h2>\n\n\n\n<p>Pension \u00e4r en f\u00f6rm\u00e5n som betalas f\u00f6r att trygga f\u00f6rs\u00f6rjningen vid \u00e5lderdom, arbetsof\u00f6rm\u00e5ga eller vid familjef\u00f6rs\u00f6rjarens d\u00f6d. Lagstadgade pensioner best\u00e5r av arbetspensioner och folkpensioner. Arbetspensionen tj\u00e4nas in p\u00e5 basis av utf\u00f6rt arbete.<\/p>\n\n\n\n<p>Finansieringen av arbetspensionsskyddet baseras p\u00e5 ett f\u00f6rdelningssystem d\u00e4r st\u00f6rsta delen finansieras \u00e5rligen med arbetstagarens och arbetsgivarens arbetspensionsavgifter samt delvis med tidigare fonderade medel och avkastning fr\u00e5n placeringsverksamhet.<\/p>\n\n\n\n<p>Arbetsmarknadsorganisationerna f\u00f6rhandlar b\u00e5de om inneh\u00e5llet i och finansieringen av pensionsskyddet. Arbetspensionssystemet och tryggandet av pensionsskyddet \u00e4r en viktig fr\u00e5ga i l\u00f6ntagarorganisationernas intressebevakning.<\/p>\n\n\n\n<p>Det finl\u00e4ndska arbetspensionssystemet \u00e4r i grunden gott. Pensionssystemet m\u00e5ste dock utvecklas i takt med samh\u00e4llets krav f\u00f6r att s\u00e4kerst\u00e4lla f\u00f6rm\u00e5gan att betala pensioner \u00e4ven i framtiden. S\u00e4rskilt stigande livsl\u00e4ngd, en \u00e5ldrande befolkning och minskande f\u00f6delsetal utmanar v\u00e5rt pensionssystem. M\u00e5let \u00e4r att arbetspensionernas ekonomiska h\u00e5llbarhet ska kunna tryggas l\u00e5ngt in i framtiden.<\/p>\n\n\n\n<h3 class=\"wp-block-heading\">Medel f\u00f6r att utveckla pensionssystemet<\/h3>\n\n\n\n<ul class=\"wp-block-list\">\n<li>F\u00f6r att f\u00f6rl\u00e4nga arbetskarri\u00e4rerna m\u00e5ste tryggheten i arbetslivet f\u00f6rb\u00e4ttras och \u00e5tg\u00e4rder som fr\u00e4mjar arbetsf\u00f6rm\u00e5gan inf\u00f6ras.<\/li>\n\n\n\n<li>Pensionsl\u00f6ftet och arbetspensionssystemets grundprinciper m\u00e5ste h\u00e5llas.<\/li>\n\n\n\n<li>R\u00e4ttvisa mellan generationerna m\u00e5ste s\u00e4kerst\u00e4llas.<\/li>\n\n\n\n<li>Oj\u00e4mlikheten mellan k\u00f6nen i pensionerna m\u00e5ste minskas.<\/li>\n<\/ul>\n","protected":false},"excerpt":{"rendered":"Arbetspension, invalidpension och inkomstrelaterad arbetsl\u00f6shetsers\u00e4ttning baseras p\u00e5 l\u00f6n som tj\u00e4nats under arbete. Socialskydds- och pensionssystemet finansieras till stor&#8230; ","protected":false},"author":13,"featured_media":0,"parent":0,"menu_order":0,"comment_status":"closed","ping_status":"closed","template":"","meta":{"_acf_changed":false,"footnotes":""},"subject":[],"class_list":["post-55563","page","type-page","status-publish","hentry"],"acf":{"lead_paragraph":"Finansieringen av TE-tj\u00e4nster m\u00e5ste s\u00e4kras, den inkomstrelaterade arbetsl\u00f6shetsf\u00f6rs\u00e4kringen ska m\u00f6jligg\u00f6ra en rimlig levnadsstandard och pensionsl\u00f6ftet m\u00e5ste h\u00e5llas."},"yoast_head":"<!-- This site is optimized with the Yoast SEO plugin v27.4 - https:\/\/yoast.com\/product\/yoast-seo-wordpress\/ -->\n<title>Trygghet i livets olika skeden - STTK<\/title>\n<meta name=\"robots\" content=\"index, follow, max-snippet:-1, max-image-preview:large, max-video-preview:-1\" \/>\n<link rel=\"canonical\" href=\"https:\/\/www.sttk.fi\/sv\/trygghet-i-livets-olika-skeden\/\" \/>\n<meta property=\"og:locale\" content=\"sv_SE\" \/>\n<meta property=\"og:type\" content=\"article\" \/>\n<meta property=\"og:title\" content=\"Trygghet i livets olika skeden - STTK\" \/>\n<meta property=\"og:description\" content=\"Arbetspension, invalidpension och inkomstrelaterad arbetsl\u00f6shetsers\u00e4ttning baseras p\u00e5 l\u00f6n som tj\u00e4nats under arbete. Socialskydds- och pensionssystemet finansieras till stor...\" \/>\n<meta property=\"og:url\" content=\"https:\/\/www.sttk.fi\/sv\/trygghet-i-livets-olika-skeden\/\" \/>\n<meta property=\"og:site_name\" content=\"STTK\" \/>\n<meta property=\"article:publisher\" content=\"https:\/\/www.facebook.com\/#%21%2fKeskusjarjestoSTTK\" \/>\n<meta property=\"og:image\" content=\"https:\/\/www.sttk.fi\/wp-content\/uploads\/sites\/2\/2020\/08\/some-logo.png\" \/>\n\t<meta property=\"og:image:width\" content=\"1130\" \/>\n\t<meta property=\"og:image:height\" content=\"682\" \/>\n\t<meta property=\"og:image:type\" content=\"image\/png\" \/>\n<meta name=\"twitter:card\" content=\"summary_large_image\" \/>\n<meta name=\"twitter:site\" content=\"@STTKMikonkatu\" \/>\n<meta name=\"twitter:label1\" content=\"Est. reading time\" \/>\n\t<meta name=\"twitter:data1\" content=\"8 minuter\" \/>\n<script type=\"application\/ld+json\" class=\"yoast-schema-graph\">{\"@context\":\"https:\\\/\\\/schema.org\",\"@graph\":[{\"@type\":\"WebPage\",\"@id\":\"https:\\\/\\\/www.sttk.fi\\\/sv\\\/trygghet-i-livets-olika-skeden\\\/\",\"url\":\"https:\\\/\\\/www.sttk.fi\\\/sv\\\/trygghet-i-livets-olika-skeden\\\/\",\"name\":\"Trygghet i livets olika skeden - STTK\",\"isPartOf\":{\"@id\":\"https:\\\/\\\/www.sttk.fi\\\/#website\"},\"datePublished\":\"2025-12-09T07:26:07+00:00\",\"breadcrumb\":{\"@id\":\"https:\\\/\\\/www.sttk.fi\\\/sv\\\/trygghet-i-livets-olika-skeden\\\/#breadcrumb\"},\"inLanguage\":\"sv-SE\",\"potentialAction\":[{\"@type\":\"ReadAction\",\"target\":[\"https:\\\/\\\/www.sttk.fi\\\/sv\\\/trygghet-i-livets-olika-skeden\\\/\"]}]},{\"@type\":\"BreadcrumbList\",\"@id\":\"https:\\\/\\\/www.sttk.fi\\\/sv\\\/trygghet-i-livets-olika-skeden\\\/#breadcrumb\",\"itemListElement\":[{\"@type\":\"ListItem\",\"position\":1,\"name\":\"Home\",\"item\":\"https:\\\/\\\/www.sttk.fi\\\/sv\\\/\"},{\"@type\":\"ListItem\",\"position\":2,\"name\":\"Trygghet i livets olika skeden\"}]},{\"@type\":\"WebSite\",\"@id\":\"https:\\\/\\\/www.sttk.fi\\\/#website\",\"url\":\"https:\\\/\\\/www.sttk.fi\\\/\",\"name\":\"STTK\",\"description\":\"\",\"publisher\":{\"@id\":\"https:\\\/\\\/www.sttk.fi\\\/#organization\"},\"potentialAction\":[{\"@type\":\"SearchAction\",\"target\":{\"@type\":\"EntryPoint\",\"urlTemplate\":\"https:\\\/\\\/www.sttk.fi\\\/?s={search_term_string}\"},\"query-input\":{\"@type\":\"PropertyValueSpecification\",\"valueRequired\":true,\"valueName\":\"search_term_string\"}}],\"inLanguage\":\"sv-SE\"},{\"@type\":\"Organization\",\"@id\":\"https:\\\/\\\/www.sttk.fi\\\/#organization\",\"name\":\"STTK\",\"url\":\"https:\\\/\\\/www.sttk.fi\\\/\",\"logo\":{\"@type\":\"ImageObject\",\"inLanguage\":\"sv-SE\",\"@id\":\"https:\\\/\\\/www.sttk.fi\\\/#\\\/schema\\\/logo\\\/image\\\/\",\"url\":\"https:\\\/\\\/www.sttk.fi\\\/wp-content\\\/uploads\\\/sites\\\/2\\\/2025\\\/12\\\/vector3.svg\",\"contentUrl\":\"https:\\\/\\\/www.sttk.fi\\\/wp-content\\\/uploads\\\/sites\\\/2\\\/2025\\\/12\\\/vector3.svg\",\"caption\":\"STTK\"},\"image\":{\"@id\":\"https:\\\/\\\/www.sttk.fi\\\/#\\\/schema\\\/logo\\\/image\\\/\"},\"sameAs\":[\"https:\\\/\\\/www.facebook.com\\\/#!\\\/KeskusjarjestoSTTK\",\"https:\\\/\\\/x.com\\\/STTKMikonkatu\",\"http:\\\/\\\/www.youtube.com\\\/user\\\/protoimihenkilot\"]}]}<\/script>\n<!-- \/ Yoast SEO plugin. -->","yoast_head_json":{"title":"Trygghet i livets olika skeden - STTK","robots":{"index":"index","follow":"follow","max-snippet":"max-snippet:-1","max-image-preview":"max-image-preview:large","max-video-preview":"max-video-preview:-1"},"canonical":"https:\/\/www.sttk.fi\/sv\/trygghet-i-livets-olika-skeden\/","og_locale":"sv_SE","og_type":"article","og_title":"Trygghet i livets olika skeden - STTK","og_description":"Arbetspension, invalidpension och inkomstrelaterad arbetsl\u00f6shetsers\u00e4ttning baseras p\u00e5 l\u00f6n som tj\u00e4nats under arbete. Socialskydds- och pensionssystemet finansieras till stor...","og_url":"https:\/\/www.sttk.fi\/sv\/trygghet-i-livets-olika-skeden\/","og_site_name":"STTK","article_publisher":"https:\/\/www.facebook.com\/#%21%2fKeskusjarjestoSTTK","og_image":[{"width":1130,"height":682,"url":"https:\/\/www.sttk.fi\/wp-content\/uploads\/sites\/2\/2020\/08\/some-logo.png","type":"image\/png"}],"twitter_card":"summary_large_image","twitter_site":"@STTKMikonkatu","twitter_misc":{"Est. reading time":"8 minuter"},"schema":{"@context":"https:\/\/schema.org","@graph":[{"@type":"WebPage","@id":"https:\/\/www.sttk.fi\/sv\/trygghet-i-livets-olika-skeden\/","url":"https:\/\/www.sttk.fi\/sv\/trygghet-i-livets-olika-skeden\/","name":"Trygghet i livets olika skeden - STTK","isPartOf":{"@id":"https:\/\/www.sttk.fi\/#website"},"datePublished":"2025-12-09T07:26:07+00:00","breadcrumb":{"@id":"https:\/\/www.sttk.fi\/sv\/trygghet-i-livets-olika-skeden\/#breadcrumb"},"inLanguage":"sv-SE","potentialAction":[{"@type":"ReadAction","target":["https:\/\/www.sttk.fi\/sv\/trygghet-i-livets-olika-skeden\/"]}]},{"@type":"BreadcrumbList","@id":"https:\/\/www.sttk.fi\/sv\/trygghet-i-livets-olika-skeden\/#breadcrumb","itemListElement":[{"@type":"ListItem","position":1,"name":"Home","item":"https:\/\/www.sttk.fi\/sv\/"},{"@type":"ListItem","position":2,"name":"Trygghet i livets olika skeden"}]},{"@type":"WebSite","@id":"https:\/\/www.sttk.fi\/#website","url":"https:\/\/www.sttk.fi\/","name":"STTK","description":"","publisher":{"@id":"https:\/\/www.sttk.fi\/#organization"},"potentialAction":[{"@type":"SearchAction","target":{"@type":"EntryPoint","urlTemplate":"https:\/\/www.sttk.fi\/?s={search_term_string}"},"query-input":{"@type":"PropertyValueSpecification","valueRequired":true,"valueName":"search_term_string"}}],"inLanguage":"sv-SE"},{"@type":"Organization","@id":"https:\/\/www.sttk.fi\/#organization","name":"STTK","url":"https:\/\/www.sttk.fi\/","logo":{"@type":"ImageObject","inLanguage":"sv-SE","@id":"https:\/\/www.sttk.fi\/#\/schema\/logo\/image\/","url":"https:\/\/www.sttk.fi\/wp-content\/uploads\/sites\/2\/2025\/12\/vector3.svg","contentUrl":"https:\/\/www.sttk.fi\/wp-content\/uploads\/sites\/2\/2025\/12\/vector3.svg","caption":"STTK"},"image":{"@id":"https:\/\/www.sttk.fi\/#\/schema\/logo\/image\/"},"sameAs":["https:\/\/www.facebook.com\/#!\/KeskusjarjestoSTTK","https:\/\/x.com\/STTKMikonkatu","http:\/\/www.youtube.com\/user\/protoimihenkilot"]}]}},"_links":{"self":[{"href":"https:\/\/www.sttk.fi\/sv\/wp-json\/wp\/v2\/pages\/55563","targetHints":{"allow":["GET"]}}],"collection":[{"href":"https:\/\/www.sttk.fi\/sv\/wp-json\/wp\/v2\/pages"}],"about":[{"href":"https:\/\/www.sttk.fi\/sv\/wp-json\/wp\/v2\/types\/page"}],"author":[{"embeddable":true,"href":"https:\/\/www.sttk.fi\/sv\/wp-json\/wp\/v2\/users\/13"}],"replies":[{"embeddable":true,"href":"https:\/\/www.sttk.fi\/sv\/wp-json\/wp\/v2\/comments?post=55563"}],"version-history":[{"count":1,"href":"https:\/\/www.sttk.fi\/sv\/wp-json\/wp\/v2\/pages\/55563\/revisions"}],"predecessor-version":[{"id":55565,"href":"https:\/\/www.sttk.fi\/sv\/wp-json\/wp\/v2\/pages\/55563\/revisions\/55565"}],"wp:attachment":[{"href":"https:\/\/www.sttk.fi\/sv\/wp-json\/wp\/v2\/media?parent=55563"}],"wp:term":[{"taxonomy":"subject","embeddable":true,"href":"https:\/\/www.sttk.fi\/sv\/wp-json\/wp\/v2\/subject?post=55563"}],"curies":[{"name":"wp","href":"https:\/\/api.w.org\/{rel}","templated":true}]}}