{"id":55518,"date":"2025-12-08T15:18:35","date_gmt":"2025-12-08T13:18:35","guid":{"rendered":"https:\/\/www.sttk.fi\/?page_id=55518"},"modified":"2025-12-08T15:19:24","modified_gmt":"2025-12-08T13:19:24","slug":"kestava-talous-ja-elinvoima","status":"publish","type":"page","link":"https:\/\/www.sttk.fi\/sv\/kestava-talous-ja-elinvoima\/","title":{"rendered":"H\u00e5llbar ekonomi och vitalitet"},"content":{"rendered":"\n<h2 class=\"wp-block-heading\" id=\"ostovoima\">St\u00f6d f\u00f6r l\u00f6ntagarnas k\u00f6pkraft<\/h2>\n\n\n\n<p>Utvecklingen av l\u00f6ntagarnas k\u00f6pkraft i Finland har varit svag sedan b\u00f6rjan av 2010-talet. Ekonomiska problem har lett till svag k\u00f6pkraftsutveckling. Under de senaste \u00e5ren har k\u00f6pkraften ytterligare utmanats av levnadskostnadskrisen och internationella h\u00e4ndelser.<\/p>\n\n\n\n<p>L\u00f6nens k\u00f6pkraft rasade historiskt under 2022\u20132023. F\u00f6r ekonomisk \u00e5terh\u00e4mtning \u00e4r det avg\u00f6rande att l\u00f6ntagare har r\u00e5d att konsumera, eftersom privat konsumtion \u00e4r den st\u00f6rsta posten i BNP.<\/p>\n\n\n\n<p>STTK publicerar tv\u00e5 g\u00e5nger per \u00e5r en k\u00f6pkrafts\u00f6versikt.<\/p>\n\n\n\n<h3 class=\"wp-block-heading\">\u00c5tg\u00e4rder f\u00f6r att st\u00e4rka k\u00f6pkraften<\/h3>\n\n\n\n<ul class=\"wp-block-list\">\n<li>L\u00f6neh\u00f6jningar m\u00e5ste vara tillr\u00e4ckligt h\u00f6ga j\u00e4mf\u00f6rt med inflationen f\u00f6r att \u00f6ka realinkomsterna.<\/li>\n\n\n\n<li>Arbetsgivarna b\u00f6r ta en st\u00f6rre del av l\u00f6nebikostnaderna.<\/li>\n\n\n\n<li>L\u00e5g- och medelinkomsttagare b\u00f6r st\u00f6djas via beskattningen.Indirekta skatter (t.ex. moms) f\u00e5r inte driva upp inflationen.<\/li>\n<\/ul>\n\n\n\n<h2 class=\"wp-block-heading\" id=\"verotus\">Beskattningen m\u00e5ste vara h\u00e5llbar<\/h2>\n\n\n\n<p>Beskattning \u00e4r ett effektivt verktyg f\u00f6r att balansera ekonomin och bromsa skulds\u00e4ttningen. Det \u00e4r ocks\u00e5 ett starkt styrmedel f\u00f6r samh\u00e4llsf\u00f6r\u00e4ndring och \u00f6nskade beteenden. Effektiv beskattning kr\u00e4ver kontinuerlig utv\u00e4rdering och politisk vilja att genomf\u00f6ra f\u00f6r\u00e4ndringar.<\/p>\n\n\n\n<p>En r\u00e4ttvis inkomstf\u00f6rdelning \u00e4r ett viktigt v\u00e4rde f\u00f6r STTK. Stora inkomst- och f\u00f6rm\u00f6genhetsskillnader \u00e4r ett hinder f\u00f6r tillv\u00e4xt. En tillr\u00e4ckligt j\u00e4mn f\u00f6rdelning s\u00e4kerst\u00e4ller social r\u00f6rlighet, ett j\u00e4mlikt och r\u00e4ttvist samh\u00e4lle samt en stabil f\u00f6retagsmilj\u00f6. Genom att h\u00e5lla skattebasen bred kan skattesatserna f\u00f6rbli m\u00e5ttliga.<\/p>\n\n\n\n<p>Beskattningen av arbete b\u00f6r b\u00e4ttre st\u00f6dja syssels\u00e4ttning och arbetsgivande. Arbete ska alltid l\u00f6na sig b\u00e4ttre \u00e4n social trygghet. Dessa principer \u00e4r v\u00e4lf\u00e4rdsstatens grundpelare.<\/p>\n\n\n\n<h3 class=\"wp-block-heading\">\u00c5tg\u00e4rder f\u00f6r att utveckla beskattningen<\/h3>\n\n\n\n<ul class=\"wp-block-list\">\n<li>Bibeh\u00e5ll den totala skatteniv\u00e5n p\u00e5 nordisk niv\u00e5 f\u00f6r att trygga v\u00e4lf\u00e4rdsstaten.<\/li>\n\n\n\n<li>Flytta skatteb\u00f6rdan fr\u00e5n arbete till kapitalinkomster och f\u00f6rm\u00f6genhet.<\/li>\n\n\n\n<li>St\u00e4rk beskattningens styrande effekt \u00e4ven om det minskar skattebasen.<\/li>\n\n\n\n<li>Ge v\u00e4lf\u00e4rdsomr\u00e5den beskattningsr\u00e4tt f\u00f6r att utveckla tj\u00e4nster.<\/li>\n\n\n\n<li>Anv\u00e4nd EU-beskattning f\u00f6r att ers\u00e4tta medlemsavgifter och begr\u00e4nsa skattekonkurrens.<\/li>\n<\/ul>\n\n\n\n<h2 class=\"wp-block-heading\" id=\"ty\u00f6llisyys\">\u00c5tg\u00e4rder f\u00f6r att h\u00f6ja syssels\u00e4ttningen<\/h2>\n\n\n\n<p>Den finl\u00e4ndska v\u00e4lf\u00e4rdsmodellen bygger p\u00e5 h\u00f6g syssels\u00e4ttning. Syssels\u00e4ttningsgraden n\u00e5dde en historiskt h\u00f6g niv\u00e5 \u00e5r 2023, men har sjunkit n\u00e5got de senaste \u00e5ren. Vi beh\u00f6ver \u00e5tg\u00e4rder f\u00f6r att h\u00f6ja syssels\u00e4ttningen.<\/p>\n\n\n\n<p>H\u00f6g syssels\u00e4ttning kr\u00e4ver aktiva satsningar p\u00e5 arbetskraftspolitik samt effektiva, v\u00e4lriktade och h\u00f6gkvalitativa syssels\u00e4ttningstj\u00e4nster. F\u00f6r grupper som har sv\u00e5rt att f\u00e5 arbete, s\u00e5som \u00e4ldre, unga, invandrare och personer med nedsatt arbetsf\u00f6rm\u00e5ga, beh\u00f6vs f\u00f6rst\u00e4rkt personlig service. Resurserna f\u00f6r arbetskraftstj\u00e4nster m\u00e5ste i Finland n\u00e5 nordisk niv\u00e5.<\/p>\n\n\n\n<p>I en snabbt f\u00f6r\u00e4nderlig v\u00e4rld och ekonomi beh\u00f6vs b\u00e4ttre omst\u00e4llningsskydd f\u00f6r att p\u00e5skynda \u00e5teranst\u00e4llning efter upps\u00e4gningar. Internationell rekrytering b\u00f6r ses som ett s\u00e4tt att st\u00f6dja syssels\u00e4ttningen. Aktiv kontracyklisk finanspolitik f\u00f6rb\u00e4ttrar syssels\u00e4ttningen b\u00e5de p\u00e5 kort och l\u00e5ng sikt.<\/p>\n\n\n\n<p>Den v\u00e4xande m\u00e4ngden l\u00e5ngtidsarbetsl\u00f6sa, s\u00e4rskilt bland unga, \u00e4r oroande. Antalet l\u00e5ngtidsarbetsl\u00f6sa i \u00e5ldern 15\u201324 \u00e5r har fr\u00e5n 2007 till 2025 \u00f6kat mer \u00e4n tiofaldigt. Arbetsl\u00f6shet f\u00f6rs\u00e4mrar individens f\u00f6rs\u00f6rjningsm\u00f6jligheter och kan p\u00e5verka psykiskt och fysiskt v\u00e4lbefinnande negativt.<\/p>\n\n\n\n<h3 class=\"wp-block-heading\">\u00c5tg\u00e4rder f\u00f6r att h\u00f6ja syssels\u00e4ttningen<\/h3>\n\n\n\n<ul class=\"wp-block-list\">\n<li>Aktiv kontracyklisk konjunkturpolitik<\/li>\n\n\n\n<li>St\u00f6d f\u00f6r deltidsarbete<\/li>\n\n\n\n<li>Arbetskraftstj\u00e4nster ska vara v\u00e4lriktade och effektiva<\/li>\n\n\n\n<li>F\u00f6rb\u00e4ttrat omst\u00e4llningsskydd f\u00f6r uppsagda<\/li>\n\n\n\n<li>\u00d6kad internationell rekryteringSt\u00f6d f\u00f6r l\u00e5ngtidsarbetsl\u00f6sa<\/li>\n<\/ul>\n\n\n\n<h2 class=\"wp-block-heading\" id=\"elinvoimapolitiikka\">St\u00e4rkande av livskraftspolitiken<\/h2>\n\n\n\n<p>Receptet f\u00f6r tillv\u00e4xt \u00e4r relativt enkelt: satsningar p\u00e5 kompetens, h\u00f6gkvalitativ utbildning, forsknings- och innovationspolitik samt h\u00f6jd f\u00f6r\u00e4dlingsgrad. Innovationer och nya arbetss\u00e4tt kr\u00e4ver ett brett samarbete mellan h\u00f6gskolor, yrkesutbildning samt den offentliga och privata sektorn.<\/p>\n\n\n\n<p>Arbetsproduktiviteten m\u00e5ste vara i toppklass i ett litet och avl\u00e4gset land som Finland. V\u00e5r relativa f\u00f6rdel ligger i h\u00f6gteknologiska produkter som kr\u00e4ver innovation och produktutveckling.<\/p>\n\n\n\n<p>Finland har betydande m\u00f6jligheter inom den gr\u00f6na omst\u00e4llningen. Produktion av ren energi skapar stora m\u00f6jligheter att st\u00e4rka energisj\u00e4lvf\u00f6rs\u00f6rjningen och samtidigt \u00f6ka exporten av gr\u00f6na produkter.<\/p>\n\n\n\n<p>Kompetensutveckling \u00e4r svaret p\u00e5 arbetskraftsbrist inom nya branscher, h\u00f6jd f\u00f6r\u00e4dlingsgrad inom industrin och f\u00f6r att h\u00e5lla l\u00f6ntagare med i f\u00f6r\u00e4ndringen. Innovationer och produktutveckling uppst\u00e5r inte av sig sj\u00e4lva.<\/p>\n\n\n\n<h3 class=\"wp-block-heading\">\u00c5tg\u00e4rder f\u00f6r att st\u00e4rka livskraftspolitiken<\/h3>\n\n\n\n<ul class=\"wp-block-list\">\n<li>Effektivare industripolitik<\/li>\n\n\n\n<li>Utveckling av FoUI-politik och satsningar p\u00e5 tillg\u00e5ngen till kompetent arbetskraft<\/li>\n\n\n\n<li>\u00c5tg\u00e4rder mot l\u00e5g konkurrens inom konsumentn\u00e4ra branscher<\/li>\n\n\n\n<li>F\u00f6rnyelse av statens \u00e4garstrategi60 % av arbetsf\u00f6ra ska delta i vuxenutbildning \u00e5rligen<\/li>\n\n\n\n<li>Satsningar p\u00e5 kompetens f\u00f6r den gr\u00f6na omst\u00e4llningen<\/li>\n\n\n\n<li>Utvidgning av tj\u00e4nsteexportens bransch- och produktutbudInvesteringar i infrastruktur<\/li>\n<\/ul>\n\n\n\n<h2 class=\"wp-block-heading\" id=\"vihre\u00e4\">En r\u00e4ttvis gr\u00f6n omst\u00e4llning<\/h2>\n\n\n\n<p>Klimatf\u00f6r\u00e4ndringen har l\u00e4nge varit ett centralt tema i internationellt samarbete och politik, och dess betydelse kommer att \u00f6ka. Den gr\u00f6na omst\u00e4llningen leder till f\u00f6r\u00e4ndringar i ekonomi och arbetsliv och skapar nya m\u00f6jligheter till investeringar och jobb.<\/p>\n\n\n\n<p>F\u00f6r Finland inneb\u00e4r den gr\u00f6na omst\u00e4llningen en m\u00f6jlighet att ers\u00e4tta en stor del av importen av fossil energi med export av nya produkter och tj\u00e4nster. Detta kr\u00e4ver modiga politiska beslut och satsningar p\u00e5 kompetens.<\/p>\n\n\n\n<p>Finland \u00e4r v\u00e4rldsledande inom produktion av ren och billig energi, vilket ger oss en konkurrensf\u00f6rdel som kan ligga till grund f\u00f6r en attraktiv investeringsmilj\u00f6.<\/p>\n\n\n\n<p>F\u00f6r l\u00f6ntagare \u00e4r r\u00e4ttvisan i den gr\u00f6na omst\u00e4llningen avg\u00f6rande. En r\u00e4ttvis omst\u00e4llning s\u00e4kerst\u00e4ller att arbetstagare vid behov kan uppdatera sin kompetens f\u00f6r nya yrken, att kostnaderna inte blir osk\u00e4ligt h\u00f6ga f\u00f6r n\u00e5gon grupp och att nyttorna f\u00f6rdelas s\u00e5 r\u00e4ttvist som m\u00f6jligt.<\/p>\n\n\n\n<h3 class=\"wp-block-heading\">\u00c5tg\u00e4rder f\u00f6r en r\u00e4ttvis gr\u00f6n omst\u00e4llning<\/h3>\n\n\n\n<ul class=\"wp-block-list\">\n<li>En helt\u00e4ckande energistrategi och \u00f6versyn av energibeskattningen<\/li>\n\n\n\n<li>St\u00f6d och utveckling av arbetstagarnas kompetens<\/li>\n\n\n\n<li>\u00d6kade satsningar p\u00e5 reglerkraft och energilagringInvesteringar i distributionsn\u00e4t och laddinfrastruktur f\u00f6r tung trafik<\/li>\n\n\n\n<li>\u00d6kade FoU-satsningar fr\u00e5n samh\u00e4lle och f\u00f6retag p\u00e5 smart energiinfrastruktur<\/li>\n\n\n\n<li>\u00d6kad aktivitet i EU:s gemensamma energiregleringF\u00f6rdjupat nordiskt energisamarbete<\/li>\n<\/ul>\n\n\n\n<h2 class=\"wp-block-heading\" id=\"harmaa\">Bek\u00e4mpning av gr\u00e5 ekonomi<\/h2>\n\n\n\n<p>Gr\u00e5 ekonomi inneb\u00e4r ekonomisk verksamhet d\u00e4r lagstadgade skyldigheter, s\u00e5som skatter och socialavgifter, undviks eller felaktig information l\u00e4mnas. En vanlig form \u00e4r arbetsrelaterat utnyttjande, s\u00e5som underbetalning, vilket kan \u00e4ven inneb\u00e4ra m\u00e4nniskohandel. I Finland har bek\u00e4mpningen av gr\u00e5 ekonomi utvecklats sedan 1996 genom myndighetssamarbete och informationsutbyte. STTK deltar i programmets styrgrupp.<\/p>\n\n\n\n<p>Svartarbete f\u00f6rekommer inom alla branscher men s\u00e4rskilt d\u00e4r m\u00e5nga utl\u00e4ndska arbetstagare \u00e4r verksamma. Utl\u00e4ndska arbetstagare k\u00e4nner inte alltid till sina r\u00e4ttigheter eller arbetsgivarens skyldigheter, vilket g\u00f6r dem s\u00e5rbara f\u00f6r utnyttjande. Skattenummer som anv\u00e4nds inom byggbranschen och p\u00e5 varv har visat sig vara ett effektivt s\u00e4tt att f\u00f6rebygga skattefusk och gr\u00e5 ekonomi.<\/p>\n\n\n\n<p>Skattenumret hj\u00e4lper ocks\u00e5 till att bek\u00e4mpa underbetalning och utnyttjande av utl\u00e4ndska arbetstagare samt olaglig anst\u00e4llning. Systemet b\u00f6r \u00f6verv\u00e4gas att utvidgas till andra riskbranscher, s\u00e5som service- och st\u00e4dbranschen, s\u00e4songsarbete, turism och transport, d\u00e4r risken f\u00f6r gr\u00e5 ekonomi och arbetsrelaterat utnyttjande \u00e4r stor.<\/p>\n\n\n\n<h3 class=\"wp-block-heading\">\u00c5tg\u00e4rder f\u00f6r att bek\u00e4mpa gr\u00e5 ekonomi<\/h3>\n\n\n\n<ul class=\"wp-block-list\">\n<li>F\u00f6rb\u00e4ttra informationsutbytet mellan myndigheter<\/li>\n\n\n\n<li>Genomf\u00f6ra ett \u00e5tg\u00e4rdsprogram mot gr\u00e5 ekonomi och ekonomisk brottslighet<\/li>\n\n\n\n<li>\u00d6ka anv\u00e4ndningen av arbetstagarens skattenummer<\/li>\n\n\n\n<li>Utvidga skattenummersystemet till riskbranscher<\/li>\n<\/ul>\n\n\n\n<p><a id=\"_msocom_1\"><\/a><\/p>\n\n\n\n<p><\/p>\n","protected":false},"excerpt":{"rendered":"St\u00f6d f\u00f6r l\u00f6ntagarnas k\u00f6pkraft Utvecklingen av l\u00f6ntagarnas k\u00f6pkraft i Finland har varit svag sedan b\u00f6rjan av 2010-talet. Ekonomiska&#8230; ","protected":false},"author":13,"featured_media":0,"parent":0,"menu_order":0,"comment_status":"closed","ping_status":"closed","template":"","meta":{"_acf_changed":false,"footnotes":""},"subject":[],"class_list":["post-55518","page","type-page","status-publish","hentry"],"acf":{"lead_paragraph":"Ekonomin m\u00e5ste st\u00f6dja ett r\u00e4ttvist, h\u00e5llbart och livskraftigt Finland."},"yoast_head":"<!-- This site is optimized with the Yoast SEO plugin v27.4 - https:\/\/yoast.com\/product\/yoast-seo-wordpress\/ -->\n<title>H\u00e5llbar ekonomi och vitalitet - STTK<\/title>\n<meta name=\"robots\" content=\"index, follow, max-snippet:-1, max-image-preview:large, max-video-preview:-1\" \/>\n<link rel=\"canonical\" href=\"https:\/\/www.sttk.fi\/sv\/kestava-talous-ja-elinvoima\/\" \/>\n<meta property=\"og:locale\" content=\"sv_SE\" \/>\n<meta property=\"og:type\" content=\"article\" \/>\n<meta property=\"og:title\" content=\"H\u00e5llbar ekonomi och vitalitet - STTK\" \/>\n<meta property=\"og:description\" content=\"St\u00f6d f\u00f6r l\u00f6ntagarnas k\u00f6pkraft Utvecklingen av l\u00f6ntagarnas k\u00f6pkraft i Finland har varit svag sedan b\u00f6rjan av 2010-talet. Ekonomiska...\" \/>\n<meta property=\"og:url\" content=\"https:\/\/www.sttk.fi\/sv\/kestava-talous-ja-elinvoima\/\" \/>\n<meta property=\"og:site_name\" content=\"STTK\" \/>\n<meta property=\"article:publisher\" content=\"https:\/\/www.facebook.com\/#%21%2fKeskusjarjestoSTTK\" \/>\n<meta property=\"article:modified_time\" content=\"2025-12-08T13:19:24+00:00\" \/>\n<meta property=\"og:image\" content=\"https:\/\/www.sttk.fi\/wp-content\/uploads\/sites\/2\/2020\/08\/some-logo.png\" \/>\n\t<meta property=\"og:image:width\" content=\"1130\" \/>\n\t<meta property=\"og:image:height\" content=\"682\" \/>\n\t<meta property=\"og:image:type\" content=\"image\/png\" \/>\n<meta name=\"twitter:card\" content=\"summary_large_image\" \/>\n<meta name=\"twitter:site\" content=\"@STTKMikonkatu\" \/>\n<meta name=\"twitter:label1\" content=\"Est. reading time\" \/>\n\t<meta name=\"twitter:data1\" content=\"7 minuter\" \/>\n<script type=\"application\/ld+json\" class=\"yoast-schema-graph\">{\"@context\":\"https:\\\/\\\/schema.org\",\"@graph\":[{\"@type\":\"WebPage\",\"@id\":\"https:\\\/\\\/www.sttk.fi\\\/sv\\\/kestava-talous-ja-elinvoima\\\/\",\"url\":\"https:\\\/\\\/www.sttk.fi\\\/sv\\\/kestava-talous-ja-elinvoima\\\/\",\"name\":\"H\u00e5llbar ekonomi och vitalitet - STTK\",\"isPartOf\":{\"@id\":\"https:\\\/\\\/www.sttk.fi\\\/#website\"},\"datePublished\":\"2025-12-08T13:18:35+00:00\",\"dateModified\":\"2025-12-08T13:19:24+00:00\",\"breadcrumb\":{\"@id\":\"https:\\\/\\\/www.sttk.fi\\\/sv\\\/kestava-talous-ja-elinvoima\\\/#breadcrumb\"},\"inLanguage\":\"sv-SE\",\"potentialAction\":[{\"@type\":\"ReadAction\",\"target\":[\"https:\\\/\\\/www.sttk.fi\\\/sv\\\/kestava-talous-ja-elinvoima\\\/\"]}]},{\"@type\":\"BreadcrumbList\",\"@id\":\"https:\\\/\\\/www.sttk.fi\\\/sv\\\/kestava-talous-ja-elinvoima\\\/#breadcrumb\",\"itemListElement\":[{\"@type\":\"ListItem\",\"position\":1,\"name\":\"Home\",\"item\":\"https:\\\/\\\/www.sttk.fi\\\/sv\\\/\"},{\"@type\":\"ListItem\",\"position\":2,\"name\":\"H\u00e5llbar ekonomi och vitalitet\"}]},{\"@type\":\"WebSite\",\"@id\":\"https:\\\/\\\/www.sttk.fi\\\/#website\",\"url\":\"https:\\\/\\\/www.sttk.fi\\\/\",\"name\":\"STTK\",\"description\":\"\",\"publisher\":{\"@id\":\"https:\\\/\\\/www.sttk.fi\\\/#organization\"},\"potentialAction\":[{\"@type\":\"SearchAction\",\"target\":{\"@type\":\"EntryPoint\",\"urlTemplate\":\"https:\\\/\\\/www.sttk.fi\\\/?s={search_term_string}\"},\"query-input\":{\"@type\":\"PropertyValueSpecification\",\"valueRequired\":true,\"valueName\":\"search_term_string\"}}],\"inLanguage\":\"sv-SE\"},{\"@type\":\"Organization\",\"@id\":\"https:\\\/\\\/www.sttk.fi\\\/#organization\",\"name\":\"STTK\",\"url\":\"https:\\\/\\\/www.sttk.fi\\\/\",\"logo\":{\"@type\":\"ImageObject\",\"inLanguage\":\"sv-SE\",\"@id\":\"https:\\\/\\\/www.sttk.fi\\\/#\\\/schema\\\/logo\\\/image\\\/\",\"url\":\"https:\\\/\\\/www.sttk.fi\\\/wp-content\\\/uploads\\\/sites\\\/2\\\/2025\\\/12\\\/vector3.svg\",\"contentUrl\":\"https:\\\/\\\/www.sttk.fi\\\/wp-content\\\/uploads\\\/sites\\\/2\\\/2025\\\/12\\\/vector3.svg\",\"caption\":\"STTK\"},\"image\":{\"@id\":\"https:\\\/\\\/www.sttk.fi\\\/#\\\/schema\\\/logo\\\/image\\\/\"},\"sameAs\":[\"https:\\\/\\\/www.facebook.com\\\/#!\\\/KeskusjarjestoSTTK\",\"https:\\\/\\\/x.com\\\/STTKMikonkatu\",\"http:\\\/\\\/www.youtube.com\\\/user\\\/protoimihenkilot\"]}]}<\/script>\n<!-- \/ Yoast SEO plugin. -->","yoast_head_json":{"title":"H\u00e5llbar ekonomi och vitalitet - STTK","robots":{"index":"index","follow":"follow","max-snippet":"max-snippet:-1","max-image-preview":"max-image-preview:large","max-video-preview":"max-video-preview:-1"},"canonical":"https:\/\/www.sttk.fi\/sv\/kestava-talous-ja-elinvoima\/","og_locale":"sv_SE","og_type":"article","og_title":"H\u00e5llbar ekonomi och vitalitet - STTK","og_description":"St\u00f6d f\u00f6r l\u00f6ntagarnas k\u00f6pkraft Utvecklingen av l\u00f6ntagarnas k\u00f6pkraft i Finland har varit svag sedan b\u00f6rjan av 2010-talet. Ekonomiska...","og_url":"https:\/\/www.sttk.fi\/sv\/kestava-talous-ja-elinvoima\/","og_site_name":"STTK","article_publisher":"https:\/\/www.facebook.com\/#%21%2fKeskusjarjestoSTTK","article_modified_time":"2025-12-08T13:19:24+00:00","og_image":[{"width":1130,"height":682,"url":"https:\/\/www.sttk.fi\/wp-content\/uploads\/sites\/2\/2020\/08\/some-logo.png","type":"image\/png"}],"twitter_card":"summary_large_image","twitter_site":"@STTKMikonkatu","twitter_misc":{"Est. reading time":"7 minuter"},"schema":{"@context":"https:\/\/schema.org","@graph":[{"@type":"WebPage","@id":"https:\/\/www.sttk.fi\/sv\/kestava-talous-ja-elinvoima\/","url":"https:\/\/www.sttk.fi\/sv\/kestava-talous-ja-elinvoima\/","name":"H\u00e5llbar ekonomi och vitalitet - STTK","isPartOf":{"@id":"https:\/\/www.sttk.fi\/#website"},"datePublished":"2025-12-08T13:18:35+00:00","dateModified":"2025-12-08T13:19:24+00:00","breadcrumb":{"@id":"https:\/\/www.sttk.fi\/sv\/kestava-talous-ja-elinvoima\/#breadcrumb"},"inLanguage":"sv-SE","potentialAction":[{"@type":"ReadAction","target":["https:\/\/www.sttk.fi\/sv\/kestava-talous-ja-elinvoima\/"]}]},{"@type":"BreadcrumbList","@id":"https:\/\/www.sttk.fi\/sv\/kestava-talous-ja-elinvoima\/#breadcrumb","itemListElement":[{"@type":"ListItem","position":1,"name":"Home","item":"https:\/\/www.sttk.fi\/sv\/"},{"@type":"ListItem","position":2,"name":"H\u00e5llbar ekonomi och vitalitet"}]},{"@type":"WebSite","@id":"https:\/\/www.sttk.fi\/#website","url":"https:\/\/www.sttk.fi\/","name":"STTK","description":"","publisher":{"@id":"https:\/\/www.sttk.fi\/#organization"},"potentialAction":[{"@type":"SearchAction","target":{"@type":"EntryPoint","urlTemplate":"https:\/\/www.sttk.fi\/?s={search_term_string}"},"query-input":{"@type":"PropertyValueSpecification","valueRequired":true,"valueName":"search_term_string"}}],"inLanguage":"sv-SE"},{"@type":"Organization","@id":"https:\/\/www.sttk.fi\/#organization","name":"STTK","url":"https:\/\/www.sttk.fi\/","logo":{"@type":"ImageObject","inLanguage":"sv-SE","@id":"https:\/\/www.sttk.fi\/#\/schema\/logo\/image\/","url":"https:\/\/www.sttk.fi\/wp-content\/uploads\/sites\/2\/2025\/12\/vector3.svg","contentUrl":"https:\/\/www.sttk.fi\/wp-content\/uploads\/sites\/2\/2025\/12\/vector3.svg","caption":"STTK"},"image":{"@id":"https:\/\/www.sttk.fi\/#\/schema\/logo\/image\/"},"sameAs":["https:\/\/www.facebook.com\/#!\/KeskusjarjestoSTTK","https:\/\/x.com\/STTKMikonkatu","http:\/\/www.youtube.com\/user\/protoimihenkilot"]}]}},"_links":{"self":[{"href":"https:\/\/www.sttk.fi\/sv\/wp-json\/wp\/v2\/pages\/55518","targetHints":{"allow":["GET"]}}],"collection":[{"href":"https:\/\/www.sttk.fi\/sv\/wp-json\/wp\/v2\/pages"}],"about":[{"href":"https:\/\/www.sttk.fi\/sv\/wp-json\/wp\/v2\/types\/page"}],"author":[{"embeddable":true,"href":"https:\/\/www.sttk.fi\/sv\/wp-json\/wp\/v2\/users\/13"}],"replies":[{"embeddable":true,"href":"https:\/\/www.sttk.fi\/sv\/wp-json\/wp\/v2\/comments?post=55518"}],"version-history":[{"count":2,"href":"https:\/\/www.sttk.fi\/sv\/wp-json\/wp\/v2\/pages\/55518\/revisions"}],"predecessor-version":[{"id":55529,"href":"https:\/\/www.sttk.fi\/sv\/wp-json\/wp\/v2\/pages\/55518\/revisions\/55529"}],"wp:attachment":[{"href":"https:\/\/www.sttk.fi\/sv\/wp-json\/wp\/v2\/media?parent=55518"}],"wp:term":[{"taxonomy":"subject","embeddable":true,"href":"https:\/\/www.sttk.fi\/sv\/wp-json\/wp\/v2\/subject?post=55518"}],"curies":[{"name":"wp","href":"https:\/\/api.w.org\/{rel}","templated":true}]}}