{"id":49553,"date":"2024-02-08T09:40:38","date_gmt":"2024-02-08T07:40:38","guid":{"rendered":"https:\/\/www.sttk.fi\/?page_id=49553"},"modified":"2025-12-08T09:46:23","modified_gmt":"2025-12-08T07:46:23","slug":"sttks-mal-i-europaparlamentsvalet","status":"publish","type":"page","link":"https:\/\/www.sttk.fi\/sv\/sttks-mal-i-europaparlamentsvalet\/","title":{"rendered":"STTK:s m\u00e5l i Europaparlamentsvalet"},"content":{"rendered":"\n<p class=\"lead-paragraph has-lead-font-size\">N\u00e4sta Europaparlamentsval ordnas den 9 juni 2024. STTK anser att Europiska unionen b\u00f6r utvecklas som samarbete mellan demokratiska stater f\u00f6r att skapa en r\u00e4ttvis inre marknad och fr\u00e4mja arbetstagarnas v\u00e4lf\u00e4rd.<\/p>\n\n\n\n<p>Vi vill att EU ska fr\u00e4mja v\u00e4lf\u00e4rden och syssels\u00e4ttningen p\u00e5 ett ekonomiskt och ekologiskt h\u00e5llbart s\u00e4tt. EU:s gemensamma minimilagstiftning skapar r\u00e4ttvisa regler p\u00e5 den inre marknaden. Ett starkt och enhetligt EU \u00e4r viktigt f\u00f6r Finland \u00e4ven av s\u00e4kerhetspolitiska sk\u00e4l.<\/p>\n\n\n\n<figure class=\"wp-block-image size-large\"><a href=\"https:\/\/sttk.fi\/wp-content\/uploads\/sites\/2\/2024\/02\/sttk_eu-vaalit_2024_netti_1200x800px-1024x683.png\"><img loading=\"lazy\" decoding=\"async\" width=\"1024\" height=\"683\" src=\"https:\/\/sttk.fi\/wp-content\/uploads\/sites\/2\/2024\/02\/sttk_eu-vaalit_2024_netti_1200x800px-1024x683.png\" alt=\"Euroopan parlamentin vaalit 2024\" class=\"wp-image-49517\" srcset=\"https:\/\/www.sttk.fi\/wp-content\/uploads\/sites\/2\/2024\/02\/sttk_eu-vaalit_2024_netti_1200x800px-1024x683.png 1024w, https:\/\/www.sttk.fi\/wp-content\/uploads\/sites\/2\/2024\/02\/sttk_eu-vaalit_2024_netti_1200x800px-300x200.png 300w, https:\/\/www.sttk.fi\/wp-content\/uploads\/sites\/2\/2024\/02\/sttk_eu-vaalit_2024_netti_1200x800px-768x512.png 768w, https:\/\/www.sttk.fi\/wp-content\/uploads\/sites\/2\/2024\/02\/sttk_eu-vaalit_2024_netti_1200x800px-992x661.png 992w, https:\/\/www.sttk.fi\/wp-content\/uploads\/sites\/2\/2024\/02\/sttk_eu-vaalit_2024_netti_1200x800px-14x8.png 14w, https:\/\/www.sttk.fi\/wp-content\/uploads\/sites\/2\/2024\/02\/sttk_eu-vaalit_2024_netti_1200x800px.png 1200w\" sizes=\"auto, (max-width: 1024px) 100vw, 1024px\" \/><\/a><\/figure>\n\n\n\n<h2 class=\"wp-block-heading\">1. EU b\u00f6r vara en union f\u00f6r demokratiska stater \u00e4ven fram\u00f6ver<\/h2>\n\n\n\n<ul class=\"wp-block-list\">\n<li>Ett starkt EU fr\u00e4mjar s\u00e4kerheten, demokratin och m\u00e4nskliga r\u00e4ttigheter i Europa och i v\u00e4rlden. EU skapar ekonomisk stabilitet och v\u00e4lf\u00e4rd f\u00f6r finl\u00e4ndska l\u00f6ntagare.<\/li>\n\n\n\n<li>EU:s beslutsfattande b\u00f6r vara transparent, demokratiskt och ut\u00f6vas s\u00e5 n\u00e4ra medborgarna som m\u00f6jligt.<\/li>\n\n\n\n<li>Europeiska unionen b\u00f6r st\u00e4rkas och byggas utifr\u00e5n v\u00e4rderingar b\u00e5de internt och n\u00e4r unionen utvidgas. Det beh\u00f6vs ocks\u00e5 metoder f\u00f6r att ingripa i politik som strider mot de gemensamma v\u00e4rderingarna.<\/li>\n\n\n\n<li>Handelsavtal \u00e4r viktiga f\u00f6r Europas ekonomi och syssels\u00e4ttning. Avtalsparterna b\u00f6r f\u00f6rbinda sig till arbetstagarnas grundl\u00e4ggande r\u00e4ttigheter och principerna f\u00f6r h\u00e5llbar utveckling.<\/li>\n\n\n\n<li>F\u00f6retagen spelar en viktig roll i implementeringen av de m\u00e4nskliga r\u00e4ttigheterna i arbetslivet. F\u00f6rpliktande EU-reglering av f\u00f6retagsverksamhet f\u00f6rebygger kr\u00e4nkningar av m\u00e4nskliga r\u00e4ttigheter och ingriper i skadlig verksamhet.<\/li>\n<\/ul>\n\n\n\n<h2 class=\"wp-block-heading\">2. EU skapar ekonomisk stabilitet och s\u00e4kerst\u00e4ller r\u00e4ttvisa spelregler<\/h2>\n\n\n\n<ul class=\"wp-block-list\">\n<li>EU:s gemensamma medel b\u00f6r utvecklas p\u00e5 ett r\u00e4ttvist och h\u00e5llbart s\u00e4tt. F\u00f6rebyggande av skadlig skattekonkurrens kr\u00e4ver \u00e4ven fram\u00f6ver gemensamma \u00e5tg\u00e4rder av medlems-l\u00e4nderna.<\/li>\n\n\n\n<li>EU b\u00f6r h\u00e5lla fast vid m\u00e5let att vara koldioxidneutralt fram till 2050. Den gr\u00f6na omst\u00e4llningen och utfasningen av fossila r\u00e5varor b\u00f6r ske r\u00e4ttvist med beaktande av principerna f\u00f6r h\u00e5llbar utveckling och syssels\u00e4ttningen. Om omst\u00e4llningen kr\u00e4ver uppdatering av kompetens, omskolning eller byte av arbetsplats b\u00f6r omst\u00e4llningsskyddet s\u00e4kerst\u00e4llas.<\/li>\n\n\n\n<li>Den gr\u00f6na omst\u00e4llningen b\u00f6r fr\u00e4mjas p\u00e5 ett teknikneutralt s\u00e4tt som s\u00e4kerst\u00e4ller att industrier inte l\u00e4mnar Europa f\u00f6r att etableras i l\u00e4nder med en svagare reglering.<\/li>\n\n\n\n<li>Europa beh\u00f6ver en gemensam investeringsplan samt en stark och proaktiv industripolitik f\u00f6r att trygga h\u00f6gkvalitativa arbetsplatser inom industrin.<\/li>\n\n\n\n<li>Reglering av digitalisering och artificiell intelligens beh\u00f6vs f\u00f6r att skapa r\u00e4ttvisa ramar f\u00f6r den framtida utvecklingen.<\/li>\n<\/ul>\n\n\n\n<h2 class=\"wp-block-heading\">3. Den sociala dimensionen b\u00f6r utvecklas och implementeringen av pelaren f\u00f6r sociala r\u00e4ttigheter forts\u00e4tta<\/h2>\n\n\n\n<ul class=\"wp-block-list\">\n<li>Arbetsmarknadsparternas beredskap att delta i kollektivavtalsf\u00f6rhandlingar b\u00f6r fr\u00e4mjas och kollektivavtalens t\u00e4ckning ut\u00f6kas i hela EU.<\/li>\n\n\n\n<li>Den sociala dialogen mellan arbetsmarknadens parter b\u00f6r utvecklas.<\/li>\n\n\n\n<li>Arbetstagares r\u00e4ttigheter och v\u00e4lf\u00e4rd b\u00f6r tryggas genom minimilagstiftning i arbetslivet och om j\u00e4mst\u00e4lldhet.<\/li>\n\n\n\n<li>Anst\u00e4lldas arbetsvillkor och r\u00e4ttsskydd vid distansarbete och r\u00e4tten att vara fr\u00e5nkopplad b\u00f6r tryggas.<\/li>\n\n\n\n<li>R\u00e4ttsskyddet, arbetsf\u00f6rh\u00e5llandena och -villkoren beh\u00f6ver tryggas f\u00f6r personer som utf\u00f6r plattformsarbete.<\/li>\n\n\n\n<li>Arbetstagares r\u00e4ttigheter och integritetsskydd m\u00e5ste s\u00e4kerst\u00e4llas i lagstiftningen om digitalisering och artificiell intelligens.<\/li>\n\n\n\n<li>Regleringen kring arbetets psykosociala belastning beh\u00f6ver utvecklas.<\/li>\n\n\n\n<li>Alla arbetstagare b\u00f6r ha en genuin m\u00f6jlighet att uppdatera sin kompetens, omskola sig och byta bransch.<\/li>\n\n\n\n<li>R\u00e4ttvisa villkor f\u00f6r arbetskraftens r\u00f6rlighet beh\u00f6ver tryggas och arbetskraftsdumpning f\u00f6rhindras.<\/li>\n\n\n\n<li>Lagstiftning som ber\u00f6r socialf\u00f6rs\u00e4krings- och arbetspensionsfr\u00e5gor b\u00f6r f\u00f6rbli nationell kompetens.<\/li>\n<\/ul>\n\n\n\n<p><strong>Mer information:<\/strong><\/p>\n\n\n\n<p><a href=\"https:\/\/sttk.fi\/kontakti\/henkilo\/h%c3%a4ggman-maria\/\">Maria H\u00e4ggman<\/a><\/p>\n\n\n\n<p>Chef f\u00f6r internationella \u00e4renden<\/p>\n","protected":false},"excerpt":{"rendered":"N\u00e4sta Europaparlamentsval ordnas den 9 juni 2024. STTK anser att Europiska unionen b\u00f6r utvecklas som samarbete mellan demokratiska&#8230; ","protected":false},"author":14,"featured_media":49517,"parent":0,"menu_order":0,"comment_status":"closed","ping_status":"closed","template":"","meta":{"_acf_changed":false,"footnotes":""},"subject":[303,192,312,839],"class_list":["post-49553","page","type-page","status-publish","has-post-thumbnail","hentry","subject-europeiska-unionen","subject-forhandlande","subject-klimatforandring","subject-talouspolitiikka-sv"],"acf":{"lead_paragraph":""},"yoast_head":"<!-- This site is optimized with the Yoast SEO plugin v27.6 - https:\/\/yoast.com\/product\/yoast-seo-wordpress\/ -->\n<title>STTK:s m\u00e5l i Europaparlamentsvalet - STTK<\/title>\n<meta name=\"description\" content=\"Europiska unionen b\u00f6r utvecklas som samarbete mellan demokratiska stater f\u00f6r att skapa en r\u00e4ttvis inre marknad och fr\u00e4mja arbetstagarnas v\u00e4lf\u00e4rd.\" \/>\n<meta name=\"robots\" content=\"index, follow, max-snippet:-1, max-image-preview:large, max-video-preview:-1\" \/>\n<link rel=\"canonical\" href=\"https:\/\/www.sttk.fi\/sv\/sttks-mal-i-europaparlamentsvalet\/\" \/>\n<meta property=\"og:locale\" content=\"sv_SE\" \/>\n<meta property=\"og:type\" content=\"article\" \/>\n<meta property=\"og:title\" content=\"STTK:s m\u00e5l i Europaparlamentsvalet - STTK\" \/>\n<meta property=\"og:description\" content=\"Europiska unionen b\u00f6r utvecklas som samarbete mellan demokratiska stater f\u00f6r att skapa en r\u00e4ttvis inre marknad och fr\u00e4mja arbetstagarnas v\u00e4lf\u00e4rd.\" \/>\n<meta property=\"og:url\" content=\"https:\/\/www.sttk.fi\/sv\/sttks-mal-i-europaparlamentsvalet\/\" \/>\n<meta property=\"og:site_name\" content=\"STTK\" \/>\n<meta property=\"article:publisher\" content=\"https:\/\/www.facebook.com\/#%21%2fKeskusjarjestoSTTK\" \/>\n<meta property=\"article:modified_time\" content=\"2025-12-08T07:46:23+00:00\" \/>\n<meta property=\"og:image\" content=\"https:\/\/www.sttk.fi\/wp-content\/uploads\/sites\/2\/2024\/02\/sttk_eu-vaalit_2024_netti_1200x800px.png\" \/>\n\t<meta property=\"og:image:width\" content=\"1200\" \/>\n\t<meta property=\"og:image:height\" content=\"800\" \/>\n\t<meta property=\"og:image:type\" content=\"image\/png\" \/>\n<meta name=\"twitter:card\" content=\"summary_large_image\" \/>\n<meta name=\"twitter:site\" content=\"@STTKMikonkatu\" \/>\n<meta name=\"twitter:label1\" content=\"Est. reading time\" \/>\n\t<meta name=\"twitter:data1\" content=\"4 minuter\" \/>\n<script type=\"application\/ld+json\" class=\"yoast-schema-graph\">{\"@context\":\"https:\\\/\\\/schema.org\",\"@graph\":[{\"@type\":\"WebPage\",\"@id\":\"https:\\\/\\\/www.sttk.fi\\\/sv\\\/sttks-mal-i-europaparlamentsvalet\\\/\",\"url\":\"https:\\\/\\\/www.sttk.fi\\\/sv\\\/sttks-mal-i-europaparlamentsvalet\\\/\",\"name\":\"STTK:s m\u00e5l i Europaparlamentsvalet - STTK\",\"isPartOf\":{\"@id\":\"https:\\\/\\\/www.sttk.fi\\\/#website\"},\"primaryImageOfPage\":{\"@id\":\"https:\\\/\\\/www.sttk.fi\\\/sv\\\/sttks-mal-i-europaparlamentsvalet\\\/#primaryimage\"},\"image\":{\"@id\":\"https:\\\/\\\/www.sttk.fi\\\/sv\\\/sttks-mal-i-europaparlamentsvalet\\\/#primaryimage\"},\"thumbnailUrl\":\"https:\\\/\\\/www.sttk.fi\\\/wp-content\\\/uploads\\\/sites\\\/2\\\/2024\\\/02\\\/sttk_eu-vaalit_2024_netti_1200x800px.png\",\"datePublished\":\"2024-02-08T07:40:38+00:00\",\"dateModified\":\"2025-12-08T07:46:23+00:00\",\"description\":\"Europiska unionen b\u00f6r utvecklas som samarbete mellan demokratiska stater f\u00f6r att skapa en r\u00e4ttvis inre marknad och fr\u00e4mja arbetstagarnas v\u00e4lf\u00e4rd.\",\"breadcrumb\":{\"@id\":\"https:\\\/\\\/www.sttk.fi\\\/sv\\\/sttks-mal-i-europaparlamentsvalet\\\/#breadcrumb\"},\"inLanguage\":\"sv-SE\",\"potentialAction\":[{\"@type\":\"ReadAction\",\"target\":[\"https:\\\/\\\/www.sttk.fi\\\/sv\\\/sttks-mal-i-europaparlamentsvalet\\\/\"]}]},{\"@type\":\"ImageObject\",\"inLanguage\":\"sv-SE\",\"@id\":\"https:\\\/\\\/www.sttk.fi\\\/sv\\\/sttks-mal-i-europaparlamentsvalet\\\/#primaryimage\",\"url\":\"https:\\\/\\\/www.sttk.fi\\\/wp-content\\\/uploads\\\/sites\\\/2\\\/2024\\\/02\\\/sttk_eu-vaalit_2024_netti_1200x800px.png\",\"contentUrl\":\"https:\\\/\\\/www.sttk.fi\\\/wp-content\\\/uploads\\\/sites\\\/2\\\/2024\\\/02\\\/sttk_eu-vaalit_2024_netti_1200x800px.png\",\"width\":1200,\"height\":800,\"caption\":\"Euroopan parlamentin vaalit 2024\"},{\"@type\":\"BreadcrumbList\",\"@id\":\"https:\\\/\\\/www.sttk.fi\\\/sv\\\/sttks-mal-i-europaparlamentsvalet\\\/#breadcrumb\",\"itemListElement\":[{\"@type\":\"ListItem\",\"position\":1,\"name\":\"Home\",\"item\":\"https:\\\/\\\/www.sttk.fi\\\/sv\\\/\"},{\"@type\":\"ListItem\",\"position\":2,\"name\":\"STTK:s m\u00e5l i Europaparlamentsvalet\"}]},{\"@type\":\"WebSite\",\"@id\":\"https:\\\/\\\/www.sttk.fi\\\/#website\",\"url\":\"https:\\\/\\\/www.sttk.fi\\\/\",\"name\":\"STTK\",\"description\":\"\",\"publisher\":{\"@id\":\"https:\\\/\\\/www.sttk.fi\\\/#organization\"},\"potentialAction\":[{\"@type\":\"SearchAction\",\"target\":{\"@type\":\"EntryPoint\",\"urlTemplate\":\"https:\\\/\\\/www.sttk.fi\\\/?s={search_term_string}\"},\"query-input\":{\"@type\":\"PropertyValueSpecification\",\"valueRequired\":true,\"valueName\":\"search_term_string\"}}],\"inLanguage\":\"sv-SE\"},{\"@type\":\"Organization\",\"@id\":\"https:\\\/\\\/www.sttk.fi\\\/#organization\",\"name\":\"STTK\",\"url\":\"https:\\\/\\\/www.sttk.fi\\\/\",\"logo\":{\"@type\":\"ImageObject\",\"inLanguage\":\"sv-SE\",\"@id\":\"https:\\\/\\\/www.sttk.fi\\\/#\\\/schema\\\/logo\\\/image\\\/\",\"url\":\"https:\\\/\\\/www.sttk.fi\\\/wp-content\\\/uploads\\\/sites\\\/2\\\/2025\\\/12\\\/vector3.svg\",\"contentUrl\":\"https:\\\/\\\/www.sttk.fi\\\/wp-content\\\/uploads\\\/sites\\\/2\\\/2025\\\/12\\\/vector3.svg\",\"caption\":\"STTK\"},\"image\":{\"@id\":\"https:\\\/\\\/www.sttk.fi\\\/#\\\/schema\\\/logo\\\/image\\\/\"},\"sameAs\":[\"https:\\\/\\\/www.facebook.com\\\/#!\\\/KeskusjarjestoSTTK\",\"https:\\\/\\\/x.com\\\/STTKMikonkatu\",\"http:\\\/\\\/www.youtube.com\\\/user\\\/protoimihenkilot\"]}]}<\/script>\n<!-- \/ Yoast SEO plugin. -->","yoast_head_json":{"title":"STTK:s m\u00e5l i Europaparlamentsvalet - STTK","description":"Europiska unionen b\u00f6r utvecklas som samarbete mellan demokratiska stater f\u00f6r att skapa en r\u00e4ttvis inre marknad och fr\u00e4mja arbetstagarnas v\u00e4lf\u00e4rd.","robots":{"index":"index","follow":"follow","max-snippet":"max-snippet:-1","max-image-preview":"max-image-preview:large","max-video-preview":"max-video-preview:-1"},"canonical":"https:\/\/www.sttk.fi\/sv\/sttks-mal-i-europaparlamentsvalet\/","og_locale":"sv_SE","og_type":"article","og_title":"STTK:s m\u00e5l i Europaparlamentsvalet - STTK","og_description":"Europiska unionen b\u00f6r utvecklas som samarbete mellan demokratiska stater f\u00f6r att skapa en r\u00e4ttvis inre marknad och fr\u00e4mja arbetstagarnas v\u00e4lf\u00e4rd.","og_url":"https:\/\/www.sttk.fi\/sv\/sttks-mal-i-europaparlamentsvalet\/","og_site_name":"STTK","article_publisher":"https:\/\/www.facebook.com\/#%21%2fKeskusjarjestoSTTK","article_modified_time":"2025-12-08T07:46:23+00:00","og_image":[{"width":1200,"height":800,"url":"https:\/\/www.sttk.fi\/wp-content\/uploads\/sites\/2\/2024\/02\/sttk_eu-vaalit_2024_netti_1200x800px.png","type":"image\/png"}],"twitter_card":"summary_large_image","twitter_site":"@STTKMikonkatu","twitter_misc":{"Est. reading time":"4 minuter"},"schema":{"@context":"https:\/\/schema.org","@graph":[{"@type":"WebPage","@id":"https:\/\/www.sttk.fi\/sv\/sttks-mal-i-europaparlamentsvalet\/","url":"https:\/\/www.sttk.fi\/sv\/sttks-mal-i-europaparlamentsvalet\/","name":"STTK:s m\u00e5l i Europaparlamentsvalet - STTK","isPartOf":{"@id":"https:\/\/www.sttk.fi\/#website"},"primaryImageOfPage":{"@id":"https:\/\/www.sttk.fi\/sv\/sttks-mal-i-europaparlamentsvalet\/#primaryimage"},"image":{"@id":"https:\/\/www.sttk.fi\/sv\/sttks-mal-i-europaparlamentsvalet\/#primaryimage"},"thumbnailUrl":"https:\/\/www.sttk.fi\/wp-content\/uploads\/sites\/2\/2024\/02\/sttk_eu-vaalit_2024_netti_1200x800px.png","datePublished":"2024-02-08T07:40:38+00:00","dateModified":"2025-12-08T07:46:23+00:00","description":"Europiska unionen b\u00f6r utvecklas som samarbete mellan demokratiska stater f\u00f6r att skapa en r\u00e4ttvis inre marknad och fr\u00e4mja arbetstagarnas v\u00e4lf\u00e4rd.","breadcrumb":{"@id":"https:\/\/www.sttk.fi\/sv\/sttks-mal-i-europaparlamentsvalet\/#breadcrumb"},"inLanguage":"sv-SE","potentialAction":[{"@type":"ReadAction","target":["https:\/\/www.sttk.fi\/sv\/sttks-mal-i-europaparlamentsvalet\/"]}]},{"@type":"ImageObject","inLanguage":"sv-SE","@id":"https:\/\/www.sttk.fi\/sv\/sttks-mal-i-europaparlamentsvalet\/#primaryimage","url":"https:\/\/www.sttk.fi\/wp-content\/uploads\/sites\/2\/2024\/02\/sttk_eu-vaalit_2024_netti_1200x800px.png","contentUrl":"https:\/\/www.sttk.fi\/wp-content\/uploads\/sites\/2\/2024\/02\/sttk_eu-vaalit_2024_netti_1200x800px.png","width":1200,"height":800,"caption":"Euroopan parlamentin vaalit 2024"},{"@type":"BreadcrumbList","@id":"https:\/\/www.sttk.fi\/sv\/sttks-mal-i-europaparlamentsvalet\/#breadcrumb","itemListElement":[{"@type":"ListItem","position":1,"name":"Home","item":"https:\/\/www.sttk.fi\/sv\/"},{"@type":"ListItem","position":2,"name":"STTK:s m\u00e5l i Europaparlamentsvalet"}]},{"@type":"WebSite","@id":"https:\/\/www.sttk.fi\/#website","url":"https:\/\/www.sttk.fi\/","name":"STTK","description":"","publisher":{"@id":"https:\/\/www.sttk.fi\/#organization"},"potentialAction":[{"@type":"SearchAction","target":{"@type":"EntryPoint","urlTemplate":"https:\/\/www.sttk.fi\/?s={search_term_string}"},"query-input":{"@type":"PropertyValueSpecification","valueRequired":true,"valueName":"search_term_string"}}],"inLanguage":"sv-SE"},{"@type":"Organization","@id":"https:\/\/www.sttk.fi\/#organization","name":"STTK","url":"https:\/\/www.sttk.fi\/","logo":{"@type":"ImageObject","inLanguage":"sv-SE","@id":"https:\/\/www.sttk.fi\/#\/schema\/logo\/image\/","url":"https:\/\/www.sttk.fi\/wp-content\/uploads\/sites\/2\/2025\/12\/vector3.svg","contentUrl":"https:\/\/www.sttk.fi\/wp-content\/uploads\/sites\/2\/2025\/12\/vector3.svg","caption":"STTK"},"image":{"@id":"https:\/\/www.sttk.fi\/#\/schema\/logo\/image\/"},"sameAs":["https:\/\/www.facebook.com\/#!\/KeskusjarjestoSTTK","https:\/\/x.com\/STTKMikonkatu","http:\/\/www.youtube.com\/user\/protoimihenkilot"]}]}},"_links":{"self":[{"href":"https:\/\/www.sttk.fi\/sv\/wp-json\/wp\/v2\/pages\/49553","targetHints":{"allow":["GET"]}}],"collection":[{"href":"https:\/\/www.sttk.fi\/sv\/wp-json\/wp\/v2\/pages"}],"about":[{"href":"https:\/\/www.sttk.fi\/sv\/wp-json\/wp\/v2\/types\/page"}],"author":[{"embeddable":true,"href":"https:\/\/www.sttk.fi\/sv\/wp-json\/wp\/v2\/users\/14"}],"replies":[{"embeddable":true,"href":"https:\/\/www.sttk.fi\/sv\/wp-json\/wp\/v2\/comments?post=49553"}],"version-history":[{"count":10,"href":"https:\/\/www.sttk.fi\/sv\/wp-json\/wp\/v2\/pages\/49553\/revisions"}],"predecessor-version":[{"id":55428,"href":"https:\/\/www.sttk.fi\/sv\/wp-json\/wp\/v2\/pages\/49553\/revisions\/55428"}],"wp:featuredmedia":[{"embeddable":true,"href":"https:\/\/www.sttk.fi\/sv\/wp-json\/wp\/v2\/media\/49517"}],"wp:attachment":[{"href":"https:\/\/www.sttk.fi\/sv\/wp-json\/wp\/v2\/media?parent=49553"}],"wp:term":[{"taxonomy":"subject","embeddable":true,"href":"https:\/\/www.sttk.fi\/sv\/wp-json\/wp\/v2\/subject?post=49553"}],"curies":[{"name":"wp","href":"https:\/\/api.w.org\/{rel}","templated":true}]}}