{"id":43839,"date":"2022-12-07T14:33:03","date_gmt":"2022-12-07T12:33:03","guid":{"rendered":"https:\/\/www.sttk.fi\/?page_id=43839"},"modified":"2025-12-08T09:46:20","modified_gmt":"2025-12-08T07:46:20","slug":"hallbar-ekonomi","status":"publish","type":"page","link":"https:\/\/www.sttk.fi\/sv\/hallbar-ekonomi\/","title":{"rendered":"H\u00e5llbar ekonomi"},"content":{"rendered":"\n<p class=\"lead-paragraph has-lead-font-size\">STTK anser att ekonomin ska st\u00f6dja ett r\u00e4ttvist, h\u00e5llbart och v\u00e4lm\u00e5ende Finland.\u202fSt\u00e4rkande av syssels\u00e4ttningen och kompetensen, h\u00e5llbarheten i skatte- och pensionssystemet och kampen mot klimatf\u00f6r\u00e4ndringen \u00e4r d\u00e5 avg\u00f6rande.<\/p>\n\n\n\n<figure class=\"wp-block-image size-large\"><a href=\"https:\/\/sttk.fi\/wp-content\/uploads\/sites\/2\/2021\/05\/kestava_talous-1-1024x414.png\"><img loading=\"lazy\" decoding=\"async\" width=\"1024\" height=\"414\" src=\"https:\/\/sttk.fi\/wp-content\/uploads\/sites\/2\/2021\/05\/kestava_talous-1-1024x414.png\" alt=\"kest\u00e4v\u00e4 talous\" class=\"wp-image-33490\" srcset=\"https:\/\/www.sttk.fi\/wp-content\/uploads\/sites\/2\/2021\/05\/kestava_talous-1-1024x414.png 1024w, https:\/\/www.sttk.fi\/wp-content\/uploads\/sites\/2\/2021\/05\/kestava_talous-1-300x121.png 300w, https:\/\/www.sttk.fi\/wp-content\/uploads\/sites\/2\/2021\/05\/kestava_talous-1-768x310.png 768w, https:\/\/www.sttk.fi\/wp-content\/uploads\/sites\/2\/2021\/05\/kestava_talous-1-1400x566.png 1400w, https:\/\/www.sttk.fi\/wp-content\/uploads\/sites\/2\/2021\/05\/kestava_talous-1-992x401.png 992w, https:\/\/www.sttk.fi\/wp-content\/uploads\/sites\/2\/2021\/05\/kestava_talous-1.png 1515w\" sizes=\"auto, (max-width: 1024px) 100vw, 1024px\" \/><\/a><\/figure>\n\n\n\n<h2 class=\"wp-block-heading\">St\u00f6d till ekonomisk tillv\u00e4xt<\/h2>\n\n\n\n<p>Den \u00e5ldrande befolkningen i Finland och den ekonomiska nedg\u00e5ng som coronakrisen orsakar kr\u00e4ver att Finland vidtar \u00e5tg\u00e4rder f\u00f6r att st\u00f6dja den ekonomiska tillv\u00e4xten. De ekonomiska \u00e5terh\u00e4mtnings\u00e5tg\u00e4rderna och investeringarna ska inriktas p\u00e5 att st\u00f6dja m\u00e5len f\u00f6r de nya tillv\u00e4xtomr\u00e5dena och klimatpolitiken samt p\u00e5 att utveckla kompetensen. Anv\u00e4ndning av ny teknik och digitalisering f\u00f6r projekt som skapar nya arbetstillf\u00e4llen f\u00f6ruts\u00e4tter tillr\u00e4cklig finansiering till forskning och innovation. P\u00e5 s\u00e5 s\u00e4tt kan Finlands konkurrenskraft och f\u00f6ruts\u00e4ttningar att svara mot strukturf\u00f6r\u00e4ndringar f\u00f6rb\u00e4ttras.<\/p>\n\n\n\n<h2 class=\"wp-block-heading\">H\u00e5llbar beskattning<\/h2>\n\n\n\n<p>Skattens tyngdpunkt b\u00f6r \u00f6verf\u00f6ras fr\u00e5n beskattning av arbete till f\u00f6rm\u00f6genhetsskatt och milj\u00f6skatter. S\u00e4rskilt f\u00f6r l\u00e5g- och medelinkomsttagare m\u00e5ste k\u00f6pkraften tryggas genom beskattningen. Samtidigt m\u00e5ste beskattningen av kapitalinkomster och f\u00f6rm\u00f6genhet utvecklas s\u00e5 att den st\u00f6der skattebasen. Beskattningen m\u00e5ste ocks\u00e5 uppmuntra fr\u00e4mjandet av klimat\u00e5tg\u00e4rder.<\/p>\n\n\n\n<h2 class=\"wp-block-heading\">H\u00f6g syssels\u00e4ttning<\/h2>\n\n\n\n<p>Den finl\u00e4ndska v\u00e4lf\u00e4rdsmodellen \u00e4r byggd p\u00e5 en h\u00f6g syssels\u00e4ttningsgrad. Under de senaste \u00e5ren har syssels\u00e4ttningen \u00f6kat, men vi beh\u00f6ver fortfarande \u00e5tg\u00e4rder f\u00f6r att ytterligare \u00f6ka syssels\u00e4ttningen p\u00e5 l\u00e5ng sikt.<\/p>\n\n\n\n<p>H\u00f6g syssels\u00e4ttning f\u00f6ruts\u00e4tter aktiva insatser i arbetsmarknadspolitiken samt effektiva, v\u00e4lriktade och h\u00f6gklassiga syssels\u00e4ttningstj\u00e4nster. S\u00e4rskilt f\u00f6r dem som \u00e4r sv\u00e5rsysselsatta, s\u00e5som \u00e4ldre, unga, invandrare och partiellt arbetsf\u00f6ra beh\u00f6vs det en f\u00f6rst\u00e4rkning av den personliga servicen f\u00f6r att p\u00e5skynda deras m\u00f6jligheter att f\u00e5 syssels\u00e4ttning. Arbetskraftsservicens resurser ska h\u00f6jas till nordisk niv\u00e5 i Finland.\u202f<\/p>\n\n\n\n<p>St\u00f6d f\u00f6r korttidsarbete skulle p\u00e5skynda \u00e5terg\u00e5ngen till arbete p\u00e5 deltid f\u00f6r arbetstagare som permitterats, sagts upp eller annars f\u00f6rlorat sitt arbete. Avskrivning av arbetsgivarens bikostnader under en viss tid eller l\u00f6nesubvention b\u00f6r tas i beaktande till exempel i samband med anst\u00e4llning av invandrare eller arbetsl\u00f6sa \u00f6ver 55 \u00e5r.<\/p>\n\n\n\n<p>I en snabbt f\u00f6r\u00e4nderlig v\u00e4rld och ekonomi beh\u00f6ver vi ett b\u00e4ttre omst\u00e4llningsskydd f\u00f6r att snabbare f\u00e5 uppsagda sysselsatta igen. Detta g\u00e4ller s\u00e4rskilt f\u00f6r att f\u00f6rb\u00e4ttra m\u00f6jligheterna till utbildning f\u00f6r dem som sagts upp.<\/p>\n\n\n\n<p>Internationell rekrytering m\u00e5ste ses som ett s\u00e4tt att \u00f6ka syssels\u00e4ttningsgraden. Behandlingen av den arbetsrelaterade uppeh\u00e5llstillst\u00e5ndsprocessen m\u00e5ste bli effektivare och vi beh\u00f6ver nationella rekryteringsprojekt f\u00f6r branscher d\u00e4r det r\u00e5der brist p\u00e5 arbetskraft.<\/p>\n","protected":false},"excerpt":{"rendered":"STTK anser att ekonomin ska st\u00f6dja ett r\u00e4ttvist, h\u00e5llbart och v\u00e4lm\u00e5ende Finland.\u202fSt\u00e4rkande av syssels\u00e4ttningen och kompetensen, h\u00e5llbarheten i&#8230; ","protected":false},"author":13,"featured_media":0,"parent":0,"menu_order":0,"comment_status":"closed","ping_status":"closed","template":"","meta":{"_acf_changed":false,"footnotes":""},"subject":[],"class_list":["post-43839","page","type-page","status-publish","hentry"],"acf":{"lead_paragraph":""},"yoast_head":"<!-- This site is optimized with the Yoast SEO plugin v27.6 - https:\/\/yoast.com\/product\/yoast-seo-wordpress\/ -->\n<title>H\u00e5llbar ekonomi - STTK<\/title>\n<meta name=\"robots\" content=\"index, follow, max-snippet:-1, max-image-preview:large, max-video-preview:-1\" \/>\n<link rel=\"canonical\" href=\"https:\/\/www.sttk.fi\/sv\/hallbar-ekonomi\/\" \/>\n<meta property=\"og:locale\" content=\"sv_SE\" \/>\n<meta property=\"og:type\" content=\"article\" \/>\n<meta property=\"og:title\" content=\"H\u00e5llbar ekonomi - STTK\" \/>\n<meta property=\"og:description\" content=\"STTK anser att ekonomin ska st\u00f6dja ett r\u00e4ttvist, h\u00e5llbart och v\u00e4lm\u00e5ende Finland.\u202fSt\u00e4rkande av syssels\u00e4ttningen och kompetensen, h\u00e5llbarheten i...\" \/>\n<meta property=\"og:url\" content=\"https:\/\/www.sttk.fi\/sv\/hallbar-ekonomi\/\" \/>\n<meta property=\"og:site_name\" content=\"STTK\" \/>\n<meta property=\"article:publisher\" content=\"https:\/\/www.facebook.com\/#%21%2fKeskusjarjestoSTTK\" \/>\n<meta property=\"article:modified_time\" content=\"2025-12-08T07:46:20+00:00\" \/>\n<meta property=\"og:image\" content=\"https:\/\/www.sttk.fi\/wp-content\/uploads\/sites\/2\/2021\/05\/kestava_talous-1.png\" \/>\n\t<meta property=\"og:image:width\" content=\"1515\" \/>\n\t<meta property=\"og:image:height\" content=\"612\" \/>\n\t<meta property=\"og:image:type\" content=\"image\/png\" \/>\n<meta name=\"twitter:card\" content=\"summary_large_image\" \/>\n<meta name=\"twitter:site\" content=\"@STTKMikonkatu\" \/>\n<meta name=\"twitter:label1\" content=\"Est. reading time\" \/>\n\t<meta name=\"twitter:data1\" content=\"3 minuter\" \/>\n<script type=\"application\/ld+json\" class=\"yoast-schema-graph\">{\"@context\":\"https:\\\/\\\/schema.org\",\"@graph\":[{\"@type\":\"WebPage\",\"@id\":\"https:\\\/\\\/www.sttk.fi\\\/sv\\\/hallbar-ekonomi\\\/\",\"url\":\"https:\\\/\\\/www.sttk.fi\\\/sv\\\/hallbar-ekonomi\\\/\",\"name\":\"H\u00e5llbar ekonomi - STTK\",\"isPartOf\":{\"@id\":\"https:\\\/\\\/www.sttk.fi\\\/#website\"},\"primaryImageOfPage\":{\"@id\":\"https:\\\/\\\/www.sttk.fi\\\/sv\\\/hallbar-ekonomi\\\/#primaryimage\"},\"image\":{\"@id\":\"https:\\\/\\\/www.sttk.fi\\\/sv\\\/hallbar-ekonomi\\\/#primaryimage\"},\"thumbnailUrl\":\"https:\\\/\\\/sttk.fi\\\/wp-content\\\/uploads\\\/sites\\\/2\\\/2021\\\/05\\\/kestava_talous-1-1024x414.png\",\"datePublished\":\"2022-12-07T12:33:03+00:00\",\"dateModified\":\"2025-12-08T07:46:20+00:00\",\"breadcrumb\":{\"@id\":\"https:\\\/\\\/www.sttk.fi\\\/sv\\\/hallbar-ekonomi\\\/#breadcrumb\"},\"inLanguage\":\"sv-SE\",\"potentialAction\":[{\"@type\":\"ReadAction\",\"target\":[\"https:\\\/\\\/www.sttk.fi\\\/sv\\\/hallbar-ekonomi\\\/\"]}]},{\"@type\":\"ImageObject\",\"inLanguage\":\"sv-SE\",\"@id\":\"https:\\\/\\\/www.sttk.fi\\\/sv\\\/hallbar-ekonomi\\\/#primaryimage\",\"url\":\"https:\\\/\\\/sttk.fi\\\/wp-content\\\/uploads\\\/sites\\\/2\\\/2021\\\/05\\\/kestava_talous-1-1024x414.png\",\"contentUrl\":\"https:\\\/\\\/sttk.fi\\\/wp-content\\\/uploads\\\/sites\\\/2\\\/2021\\\/05\\\/kestava_talous-1-1024x414.png\"},{\"@type\":\"BreadcrumbList\",\"@id\":\"https:\\\/\\\/www.sttk.fi\\\/sv\\\/hallbar-ekonomi\\\/#breadcrumb\",\"itemListElement\":[{\"@type\":\"ListItem\",\"position\":1,\"name\":\"Home\",\"item\":\"https:\\\/\\\/www.sttk.fi\\\/sv\\\/\"},{\"@type\":\"ListItem\",\"position\":2,\"name\":\"H\u00e5llbar ekonomi\"}]},{\"@type\":\"WebSite\",\"@id\":\"https:\\\/\\\/www.sttk.fi\\\/#website\",\"url\":\"https:\\\/\\\/www.sttk.fi\\\/\",\"name\":\"STTK\",\"description\":\"\",\"publisher\":{\"@id\":\"https:\\\/\\\/www.sttk.fi\\\/#organization\"},\"potentialAction\":[{\"@type\":\"SearchAction\",\"target\":{\"@type\":\"EntryPoint\",\"urlTemplate\":\"https:\\\/\\\/www.sttk.fi\\\/?s={search_term_string}\"},\"query-input\":{\"@type\":\"PropertyValueSpecification\",\"valueRequired\":true,\"valueName\":\"search_term_string\"}}],\"inLanguage\":\"sv-SE\"},{\"@type\":\"Organization\",\"@id\":\"https:\\\/\\\/www.sttk.fi\\\/#organization\",\"name\":\"STTK\",\"url\":\"https:\\\/\\\/www.sttk.fi\\\/\",\"logo\":{\"@type\":\"ImageObject\",\"inLanguage\":\"sv-SE\",\"@id\":\"https:\\\/\\\/www.sttk.fi\\\/#\\\/schema\\\/logo\\\/image\\\/\",\"url\":\"https:\\\/\\\/www.sttk.fi\\\/wp-content\\\/uploads\\\/sites\\\/2\\\/2025\\\/12\\\/vector3.svg\",\"contentUrl\":\"https:\\\/\\\/www.sttk.fi\\\/wp-content\\\/uploads\\\/sites\\\/2\\\/2025\\\/12\\\/vector3.svg\",\"caption\":\"STTK\"},\"image\":{\"@id\":\"https:\\\/\\\/www.sttk.fi\\\/#\\\/schema\\\/logo\\\/image\\\/\"},\"sameAs\":[\"https:\\\/\\\/www.facebook.com\\\/#!\\\/KeskusjarjestoSTTK\",\"https:\\\/\\\/x.com\\\/STTKMikonkatu\",\"http:\\\/\\\/www.youtube.com\\\/user\\\/protoimihenkilot\"]}]}<\/script>\n<!-- \/ Yoast SEO plugin. -->","yoast_head_json":{"title":"H\u00e5llbar ekonomi - STTK","robots":{"index":"index","follow":"follow","max-snippet":"max-snippet:-1","max-image-preview":"max-image-preview:large","max-video-preview":"max-video-preview:-1"},"canonical":"https:\/\/www.sttk.fi\/sv\/hallbar-ekonomi\/","og_locale":"sv_SE","og_type":"article","og_title":"H\u00e5llbar ekonomi - STTK","og_description":"STTK anser att ekonomin ska st\u00f6dja ett r\u00e4ttvist, h\u00e5llbart och v\u00e4lm\u00e5ende Finland.\u202fSt\u00e4rkande av syssels\u00e4ttningen och kompetensen, h\u00e5llbarheten i...","og_url":"https:\/\/www.sttk.fi\/sv\/hallbar-ekonomi\/","og_site_name":"STTK","article_publisher":"https:\/\/www.facebook.com\/#%21%2fKeskusjarjestoSTTK","article_modified_time":"2025-12-08T07:46:20+00:00","og_image":[{"width":1515,"height":612,"url":"https:\/\/www.sttk.fi\/wp-content\/uploads\/sites\/2\/2021\/05\/kestava_talous-1.png","type":"image\/png"}],"twitter_card":"summary_large_image","twitter_site":"@STTKMikonkatu","twitter_misc":{"Est. reading time":"3 minuter"},"schema":{"@context":"https:\/\/schema.org","@graph":[{"@type":"WebPage","@id":"https:\/\/www.sttk.fi\/sv\/hallbar-ekonomi\/","url":"https:\/\/www.sttk.fi\/sv\/hallbar-ekonomi\/","name":"H\u00e5llbar ekonomi - STTK","isPartOf":{"@id":"https:\/\/www.sttk.fi\/#website"},"primaryImageOfPage":{"@id":"https:\/\/www.sttk.fi\/sv\/hallbar-ekonomi\/#primaryimage"},"image":{"@id":"https:\/\/www.sttk.fi\/sv\/hallbar-ekonomi\/#primaryimage"},"thumbnailUrl":"https:\/\/sttk.fi\/wp-content\/uploads\/sites\/2\/2021\/05\/kestava_talous-1-1024x414.png","datePublished":"2022-12-07T12:33:03+00:00","dateModified":"2025-12-08T07:46:20+00:00","breadcrumb":{"@id":"https:\/\/www.sttk.fi\/sv\/hallbar-ekonomi\/#breadcrumb"},"inLanguage":"sv-SE","potentialAction":[{"@type":"ReadAction","target":["https:\/\/www.sttk.fi\/sv\/hallbar-ekonomi\/"]}]},{"@type":"ImageObject","inLanguage":"sv-SE","@id":"https:\/\/www.sttk.fi\/sv\/hallbar-ekonomi\/#primaryimage","url":"https:\/\/sttk.fi\/wp-content\/uploads\/sites\/2\/2021\/05\/kestava_talous-1-1024x414.png","contentUrl":"https:\/\/sttk.fi\/wp-content\/uploads\/sites\/2\/2021\/05\/kestava_talous-1-1024x414.png"},{"@type":"BreadcrumbList","@id":"https:\/\/www.sttk.fi\/sv\/hallbar-ekonomi\/#breadcrumb","itemListElement":[{"@type":"ListItem","position":1,"name":"Home","item":"https:\/\/www.sttk.fi\/sv\/"},{"@type":"ListItem","position":2,"name":"H\u00e5llbar ekonomi"}]},{"@type":"WebSite","@id":"https:\/\/www.sttk.fi\/#website","url":"https:\/\/www.sttk.fi\/","name":"STTK","description":"","publisher":{"@id":"https:\/\/www.sttk.fi\/#organization"},"potentialAction":[{"@type":"SearchAction","target":{"@type":"EntryPoint","urlTemplate":"https:\/\/www.sttk.fi\/?s={search_term_string}"},"query-input":{"@type":"PropertyValueSpecification","valueRequired":true,"valueName":"search_term_string"}}],"inLanguage":"sv-SE"},{"@type":"Organization","@id":"https:\/\/www.sttk.fi\/#organization","name":"STTK","url":"https:\/\/www.sttk.fi\/","logo":{"@type":"ImageObject","inLanguage":"sv-SE","@id":"https:\/\/www.sttk.fi\/#\/schema\/logo\/image\/","url":"https:\/\/www.sttk.fi\/wp-content\/uploads\/sites\/2\/2025\/12\/vector3.svg","contentUrl":"https:\/\/www.sttk.fi\/wp-content\/uploads\/sites\/2\/2025\/12\/vector3.svg","caption":"STTK"},"image":{"@id":"https:\/\/www.sttk.fi\/#\/schema\/logo\/image\/"},"sameAs":["https:\/\/www.facebook.com\/#!\/KeskusjarjestoSTTK","https:\/\/x.com\/STTKMikonkatu","http:\/\/www.youtube.com\/user\/protoimihenkilot"]}]}},"_links":{"self":[{"href":"https:\/\/www.sttk.fi\/sv\/wp-json\/wp\/v2\/pages\/43839","targetHints":{"allow":["GET"]}}],"collection":[{"href":"https:\/\/www.sttk.fi\/sv\/wp-json\/wp\/v2\/pages"}],"about":[{"href":"https:\/\/www.sttk.fi\/sv\/wp-json\/wp\/v2\/types\/page"}],"author":[{"embeddable":true,"href":"https:\/\/www.sttk.fi\/sv\/wp-json\/wp\/v2\/users\/13"}],"replies":[{"embeddable":true,"href":"https:\/\/www.sttk.fi\/sv\/wp-json\/wp\/v2\/comments?post=43839"}],"version-history":[{"count":2,"href":"https:\/\/www.sttk.fi\/sv\/wp-json\/wp\/v2\/pages\/43839\/revisions"}],"predecessor-version":[{"id":55420,"href":"https:\/\/www.sttk.fi\/sv\/wp-json\/wp\/v2\/pages\/43839\/revisions\/55420"}],"wp:attachment":[{"href":"https:\/\/www.sttk.fi\/sv\/wp-json\/wp\/v2\/media?parent=43839"}],"wp:term":[{"taxonomy":"subject","embeddable":true,"href":"https:\/\/www.sttk.fi\/sv\/wp-json\/wp\/v2\/subject?post=43839"}],"curies":[{"name":"wp","href":"https:\/\/api.w.org\/{rel}","templated":true}]}}