{"id":21443,"date":"2019-06-17T14:15:58","date_gmt":"2019-06-17T11:15:58","guid":{"rendered":"https:\/\/sttk.qa.web-veistamo.fi\/?page_id=21443"},"modified":"2025-12-08T09:45:46","modified_gmt":"2025-12-08T07:45:46","slug":"jamlikhet-och-rattvisa","status":"publish","type":"page","link":"https:\/\/www.sttk.fi\/sv\/varfor-just-sttk\/jamlikhet-och-rattvisa\/","title":{"rendered":"J\u00e4mlikhet och r\u00e4ttvisa"},"content":{"rendered":"\n<figure class=\"wp-block-image size-large\"><img loading=\"lazy\" decoding=\"async\" width=\"1024\" height=\"539\" src=\"https:\/\/sttk.fi\/wp-content\/uploads\/sites\/2\/2020\/11\/sttk_sosiaaliturva-1024x539.png\" alt=\"sosiaaliturva\" class=\"wp-image-30269\" srcset=\"https:\/\/www.sttk.fi\/wp-content\/uploads\/sites\/2\/2020\/11\/sttk_sosiaaliturva-1024x539.png 1024w, https:\/\/www.sttk.fi\/wp-content\/uploads\/sites\/2\/2020\/11\/sttk_sosiaaliturva-300x158.png 300w, https:\/\/www.sttk.fi\/wp-content\/uploads\/sites\/2\/2020\/11\/sttk_sosiaaliturva-768x404.png 768w, https:\/\/www.sttk.fi\/wp-content\/uploads\/sites\/2\/2020\/11\/sttk_sosiaaliturva-1400x737.png 1400w, https:\/\/www.sttk.fi\/wp-content\/uploads\/sites\/2\/2020\/11\/sttk_sosiaaliturva-992x522.png 992w, https:\/\/www.sttk.fi\/wp-content\/uploads\/sites\/2\/2020\/11\/sttk_sosiaaliturva-14x8.png 14w, https:\/\/www.sttk.fi\/wp-content\/uploads\/sites\/2\/2020\/11\/sttk_sosiaaliturva.png 1521w\" sizes=\"auto, (max-width: 1024px) 100vw, 1024px\" \/><\/figure>\n\n\n\n<p>J\u00e4mlikheten erk\u00e4nns i Finland som ett av de grundl\u00e4ggande v\u00e4rdena inom b\u00e5de samh\u00e4llet och arbetslivet. Arbete f\u00f6r varje finl\u00e4ndare \u00e4r en f\u00f6rdel f\u00f6r hela samh\u00e4llet, liksom att vi alla p\u00e5 j\u00e4mlika grunder kan delta i att bygga upp v\u00e5rt samh\u00e4lle. Vi st\u00f6der j\u00e4mlik l\u00f6nes\u00e4ttning, j\u00e4mn inkomstf\u00f6rdelning och en h\u00e5llbar och r\u00e4ttvis beskattning som finansierar v\u00e4lf\u00e4rdssamh\u00e4llets tj\u00e4nster till samtliga finl\u00e4ndare.<\/p>\n\n\n\n<h4 class=\"wp-block-heading\">Familjereformen beh\u00f6vs<\/h4>\n\n\n\n<p>Till ett j\u00e4mlikt arbetsliv h\u00f6r ocks\u00e5 en r\u00e4ttvis f\u00f6rdelning av familjeledigheten, som vore en f\u00f6rdel f\u00f6r s\u00e5v\u00e4l barnet som barnets f\u00f6r\u00e4ldrar. Vi beh\u00f6ver allts\u00e5 en familjeledighetsreform som garanterar b\u00e4gge f\u00f6r\u00e4ldrarna j\u00e4mlika r\u00e4ttigheter att b\u00e5de delta i v\u00e5rden av sitt barn och att utveckla sin arbetskarri\u00e4r. En b\u00e4ttre sammanj\u00e4mkning av arbete och familjeliv och en j\u00e4mnare f\u00f6rdelning av familjeledigheterna bidrar till att skapa ett r\u00e4ttvisare och b\u00e4ttre arbetsliv. Reformen ska ta h\u00e4nsyn till olika familjemodeller.<\/p>\n\n\n\n<h4 class=\"wp-block-heading\">J\u00e4mlik l\u00f6nes\u00e4ttning och r\u00e4ttvis bel\u00f6ning<\/h4>\n\n\n\n<p>L\u00f6nej\u00e4mlikheten mellan k\u00f6nen kan f\u00f6rb\u00e4ttras genom att f\u00f6rb\u00e4ttra l\u00f6netransparensen och ge arbetstagarrepresentanterna den information de beh\u00f6ver om de anst\u00e4lldas specificerade l\u00f6ner. En separat l\u00f6nepost f\u00f6r kvinnliga arbetstagare i samband med l\u00f6nef\u00f6rh\u00f6jningar kunde vara ett s\u00e4tt att s\u00e4nka l\u00f6neskillnaderna.<br>Bel\u00f6nandet ska vara r\u00e4ttvist och ta h\u00e4nsyn till samtliga medlemmar i arbetsgemenskapen. Upplevd r\u00e4ttvisa och r\u00e4ttvis bel\u00f6ning f\u00f6r resultat \u00e4r tv\u00e5 faktorer som i betydande grad p\u00e5verkar arbetstagarnas motivation. L\u00f6neskillnaderna i Finland \u00e4r l\u00e5ga internationellt sett, men trots det finns det sk\u00e4l att f\u00f6lja med och f\u00f6ra en diskussion om hur inkomstskillnaderna utvecklas.<\/p>\n\n\n\n<h4 class=\"wp-block-heading\">J\u00e4mlikhet inom arbetsgemenskapen<\/h4>\n\n\n\n<p>Alla arbetstagare ska bem\u00f6tas j\u00e4mb\u00f6rdigt och r\u00e4ttvist, oavsett arbetsf\u00f6rh\u00e5llandets art, \u00e5lder, k\u00f6n, etnisk bakgrund, \u00f6vertygelser eller sexuella inriktning. Spelreglerna, grundr\u00e4ttigheterna och skyldigheterna ska vara de samma f\u00f6r alla.<br>Eventuella j\u00e4mlikhetsproblem ska diskuteras \u00f6ppet och \u00e4rligt i arbetsgemenskapen. Varje arbetsgemenskap ska till\u00e4mpa nolltolerans mot alla slag av diskriminering. J\u00e4mlikhetsplaneringen kan till exempel delvis best\u00e5 i att skapa uppf\u00f6randekoder f\u00f6r f\u00f6rebyggande och utredning av diskriminering.<\/p>\n","protected":false},"excerpt":{"rendered":"J\u00e4mlikheten erk\u00e4nns i Finland som ett av de grundl\u00e4ggande v\u00e4rdena inom b\u00e5de samh\u00e4llet och arbetslivet. Arbete f\u00f6r varje&#8230; ","protected":false},"author":9,"featured_media":21444,"parent":21394,"menu_order":0,"comment_status":"closed","ping_status":"closed","template":"","meta":{"_acf_changed":false,"footnotes":""},"subject":[197],"class_list":["post-21443","page","type-page","status-publish","has-post-thumbnail","hentry","subject-jamlikhet"],"acf":{"lead_paragraph":""},"yoast_head":"<!-- This site is optimized with the Yoast SEO plugin v27.3 - https:\/\/yoast.com\/product\/yoast-seo-wordpress\/ -->\n<title>J\u00e4mlikhet och r\u00e4ttvisa - STTK<\/title>\n<meta name=\"robots\" content=\"index, follow, max-snippet:-1, max-image-preview:large, max-video-preview:-1\" \/>\n<link rel=\"canonical\" href=\"https:\/\/www.sttk.fi\/sv\/varfor-just-sttk\/jamlikhet-och-rattvisa\/\" \/>\n<meta property=\"og:locale\" content=\"sv_SE\" \/>\n<meta property=\"og:type\" content=\"article\" \/>\n<meta property=\"og:title\" content=\"J\u00e4mlikhet och r\u00e4ttvisa - STTK\" \/>\n<meta property=\"og:description\" content=\"J\u00e4mlikheten erk\u00e4nns i Finland som ett av de grundl\u00e4ggande v\u00e4rdena inom b\u00e5de samh\u00e4llet och arbetslivet. Arbete f\u00f6r varje...\" \/>\n<meta property=\"og:url\" content=\"https:\/\/www.sttk.fi\/sv\/varfor-just-sttk\/jamlikhet-och-rattvisa\/\" \/>\n<meta property=\"og:site_name\" content=\"STTK\" \/>\n<meta property=\"article:publisher\" content=\"https:\/\/www.facebook.com\/#%21%2fKeskusjarjestoSTTK\" \/>\n<meta property=\"article:modified_time\" content=\"2025-12-08T07:45:46+00:00\" \/>\n<meta property=\"og:image\" content=\"https:\/\/www.sttk.fi\/wp-content\/uploads\/sites\/2\/2018\/12\/is\u00e4_ja_lapsi.jpg\" \/>\n\t<meta property=\"og:image:width\" content=\"1200\" \/>\n\t<meta property=\"og:image:height\" content=\"800\" \/>\n\t<meta property=\"og:image:type\" content=\"image\/jpeg\" \/>\n<meta name=\"twitter:card\" content=\"summary_large_image\" \/>\n<meta name=\"twitter:site\" content=\"@STTKMikonkatu\" \/>\n<meta name=\"twitter:label1\" content=\"Est. reading time\" \/>\n\t<meta name=\"twitter:data1\" content=\"2 minuter\" \/>\n<script type=\"application\/ld+json\" class=\"yoast-schema-graph\">{\"@context\":\"https:\\\/\\\/schema.org\",\"@graph\":[{\"@type\":\"WebPage\",\"@id\":\"https:\\\/\\\/www.sttk.fi\\\/sv\\\/varfor-just-sttk\\\/jamlikhet-och-rattvisa\\\/\",\"url\":\"https:\\\/\\\/www.sttk.fi\\\/sv\\\/varfor-just-sttk\\\/jamlikhet-och-rattvisa\\\/\",\"name\":\"J\u00e4mlikhet och r\u00e4ttvisa - STTK\",\"isPartOf\":{\"@id\":\"https:\\\/\\\/www.sttk.fi\\\/#website\"},\"primaryImageOfPage\":{\"@id\":\"https:\\\/\\\/www.sttk.fi\\\/sv\\\/varfor-just-sttk\\\/jamlikhet-och-rattvisa\\\/#primaryimage\"},\"image\":{\"@id\":\"https:\\\/\\\/www.sttk.fi\\\/sv\\\/varfor-just-sttk\\\/jamlikhet-och-rattvisa\\\/#primaryimage\"},\"thumbnailUrl\":\"https:\\\/\\\/www.sttk.fi\\\/wp-content\\\/uploads\\\/sites\\\/2\\\/2018\\\/12\\\/is\u00e4_ja_lapsi.jpg\",\"datePublished\":\"2019-06-17T11:15:58+00:00\",\"dateModified\":\"2025-12-08T07:45:46+00:00\",\"breadcrumb\":{\"@id\":\"https:\\\/\\\/www.sttk.fi\\\/sv\\\/varfor-just-sttk\\\/jamlikhet-och-rattvisa\\\/#breadcrumb\"},\"inLanguage\":\"sv-SE\",\"potentialAction\":[{\"@type\":\"ReadAction\",\"target\":[\"https:\\\/\\\/www.sttk.fi\\\/sv\\\/varfor-just-sttk\\\/jamlikhet-och-rattvisa\\\/\"]}]},{\"@type\":\"ImageObject\",\"inLanguage\":\"sv-SE\",\"@id\":\"https:\\\/\\\/www.sttk.fi\\\/sv\\\/varfor-just-sttk\\\/jamlikhet-och-rattvisa\\\/#primaryimage\",\"url\":\"https:\\\/\\\/www.sttk.fi\\\/wp-content\\\/uploads\\\/sites\\\/2\\\/2018\\\/12\\\/is\u00e4_ja_lapsi.jpg\",\"contentUrl\":\"https:\\\/\\\/www.sttk.fi\\\/wp-content\\\/uploads\\\/sites\\\/2\\\/2018\\\/12\\\/is\u00e4_ja_lapsi.jpg\",\"width\":1200,\"height\":800},{\"@type\":\"BreadcrumbList\",\"@id\":\"https:\\\/\\\/www.sttk.fi\\\/sv\\\/varfor-just-sttk\\\/jamlikhet-och-rattvisa\\\/#breadcrumb\",\"itemListElement\":[{\"@type\":\"ListItem\",\"position\":1,\"name\":\"Home\",\"item\":\"https:\\\/\\\/www.sttk.fi\\\/sv\\\/\"},{\"@type\":\"ListItem\",\"position\":2,\"name\":\"Varf\u00f6r just STTK?\",\"item\":\"https:\\\/\\\/www.sttk.fi\\\/sv\\\/varfor-just-sttk\\\/\"},{\"@type\":\"ListItem\",\"position\":3,\"name\":\"J\u00e4mlikhet och r\u00e4ttvisa\"}]},{\"@type\":\"WebSite\",\"@id\":\"https:\\\/\\\/www.sttk.fi\\\/#website\",\"url\":\"https:\\\/\\\/www.sttk.fi\\\/\",\"name\":\"STTK\",\"description\":\"\",\"publisher\":{\"@id\":\"https:\\\/\\\/www.sttk.fi\\\/#organization\"},\"potentialAction\":[{\"@type\":\"SearchAction\",\"target\":{\"@type\":\"EntryPoint\",\"urlTemplate\":\"https:\\\/\\\/www.sttk.fi\\\/?s={search_term_string}\"},\"query-input\":{\"@type\":\"PropertyValueSpecification\",\"valueRequired\":true,\"valueName\":\"search_term_string\"}}],\"inLanguage\":\"sv-SE\"},{\"@type\":\"Organization\",\"@id\":\"https:\\\/\\\/www.sttk.fi\\\/#organization\",\"name\":\"STTK\",\"url\":\"https:\\\/\\\/www.sttk.fi\\\/\",\"logo\":{\"@type\":\"ImageObject\",\"inLanguage\":\"sv-SE\",\"@id\":\"https:\\\/\\\/www.sttk.fi\\\/#\\\/schema\\\/logo\\\/image\\\/\",\"url\":\"https:\\\/\\\/www.sttk.fi\\\/wp-content\\\/uploads\\\/sites\\\/2\\\/2025\\\/12\\\/vector3.svg\",\"contentUrl\":\"https:\\\/\\\/www.sttk.fi\\\/wp-content\\\/uploads\\\/sites\\\/2\\\/2025\\\/12\\\/vector3.svg\",\"caption\":\"STTK\"},\"image\":{\"@id\":\"https:\\\/\\\/www.sttk.fi\\\/#\\\/schema\\\/logo\\\/image\\\/\"},\"sameAs\":[\"https:\\\/\\\/www.facebook.com\\\/#!\\\/KeskusjarjestoSTTK\",\"https:\\\/\\\/x.com\\\/STTKMikonkatu\",\"http:\\\/\\\/www.youtube.com\\\/user\\\/protoimihenkilot\"]}]}<\/script>\n<!-- \/ Yoast SEO plugin. -->","yoast_head_json":{"title":"J\u00e4mlikhet och r\u00e4ttvisa - STTK","robots":{"index":"index","follow":"follow","max-snippet":"max-snippet:-1","max-image-preview":"max-image-preview:large","max-video-preview":"max-video-preview:-1"},"canonical":"https:\/\/www.sttk.fi\/sv\/varfor-just-sttk\/jamlikhet-och-rattvisa\/","og_locale":"sv_SE","og_type":"article","og_title":"J\u00e4mlikhet och r\u00e4ttvisa - STTK","og_description":"J\u00e4mlikheten erk\u00e4nns i Finland som ett av de grundl\u00e4ggande v\u00e4rdena inom b\u00e5de samh\u00e4llet och arbetslivet. Arbete f\u00f6r varje...","og_url":"https:\/\/www.sttk.fi\/sv\/varfor-just-sttk\/jamlikhet-och-rattvisa\/","og_site_name":"STTK","article_publisher":"https:\/\/www.facebook.com\/#%21%2fKeskusjarjestoSTTK","article_modified_time":"2025-12-08T07:45:46+00:00","og_image":[{"width":1200,"height":800,"url":"https:\/\/www.sttk.fi\/wp-content\/uploads\/sites\/2\/2018\/12\/is\u00e4_ja_lapsi.jpg","type":"image\/jpeg"}],"twitter_card":"summary_large_image","twitter_site":"@STTKMikonkatu","twitter_misc":{"Est. reading time":"2 minuter"},"schema":{"@context":"https:\/\/schema.org","@graph":[{"@type":"WebPage","@id":"https:\/\/www.sttk.fi\/sv\/varfor-just-sttk\/jamlikhet-och-rattvisa\/","url":"https:\/\/www.sttk.fi\/sv\/varfor-just-sttk\/jamlikhet-och-rattvisa\/","name":"J\u00e4mlikhet och r\u00e4ttvisa - STTK","isPartOf":{"@id":"https:\/\/www.sttk.fi\/#website"},"primaryImageOfPage":{"@id":"https:\/\/www.sttk.fi\/sv\/varfor-just-sttk\/jamlikhet-och-rattvisa\/#primaryimage"},"image":{"@id":"https:\/\/www.sttk.fi\/sv\/varfor-just-sttk\/jamlikhet-och-rattvisa\/#primaryimage"},"thumbnailUrl":"https:\/\/www.sttk.fi\/wp-content\/uploads\/sites\/2\/2018\/12\/is\u00e4_ja_lapsi.jpg","datePublished":"2019-06-17T11:15:58+00:00","dateModified":"2025-12-08T07:45:46+00:00","breadcrumb":{"@id":"https:\/\/www.sttk.fi\/sv\/varfor-just-sttk\/jamlikhet-och-rattvisa\/#breadcrumb"},"inLanguage":"sv-SE","potentialAction":[{"@type":"ReadAction","target":["https:\/\/www.sttk.fi\/sv\/varfor-just-sttk\/jamlikhet-och-rattvisa\/"]}]},{"@type":"ImageObject","inLanguage":"sv-SE","@id":"https:\/\/www.sttk.fi\/sv\/varfor-just-sttk\/jamlikhet-och-rattvisa\/#primaryimage","url":"https:\/\/www.sttk.fi\/wp-content\/uploads\/sites\/2\/2018\/12\/is\u00e4_ja_lapsi.jpg","contentUrl":"https:\/\/www.sttk.fi\/wp-content\/uploads\/sites\/2\/2018\/12\/is\u00e4_ja_lapsi.jpg","width":1200,"height":800},{"@type":"BreadcrumbList","@id":"https:\/\/www.sttk.fi\/sv\/varfor-just-sttk\/jamlikhet-och-rattvisa\/#breadcrumb","itemListElement":[{"@type":"ListItem","position":1,"name":"Home","item":"https:\/\/www.sttk.fi\/sv\/"},{"@type":"ListItem","position":2,"name":"Varf\u00f6r just STTK?","item":"https:\/\/www.sttk.fi\/sv\/varfor-just-sttk\/"},{"@type":"ListItem","position":3,"name":"J\u00e4mlikhet och r\u00e4ttvisa"}]},{"@type":"WebSite","@id":"https:\/\/www.sttk.fi\/#website","url":"https:\/\/www.sttk.fi\/","name":"STTK","description":"","publisher":{"@id":"https:\/\/www.sttk.fi\/#organization"},"potentialAction":[{"@type":"SearchAction","target":{"@type":"EntryPoint","urlTemplate":"https:\/\/www.sttk.fi\/?s={search_term_string}"},"query-input":{"@type":"PropertyValueSpecification","valueRequired":true,"valueName":"search_term_string"}}],"inLanguage":"sv-SE"},{"@type":"Organization","@id":"https:\/\/www.sttk.fi\/#organization","name":"STTK","url":"https:\/\/www.sttk.fi\/","logo":{"@type":"ImageObject","inLanguage":"sv-SE","@id":"https:\/\/www.sttk.fi\/#\/schema\/logo\/image\/","url":"https:\/\/www.sttk.fi\/wp-content\/uploads\/sites\/2\/2025\/12\/vector3.svg","contentUrl":"https:\/\/www.sttk.fi\/wp-content\/uploads\/sites\/2\/2025\/12\/vector3.svg","caption":"STTK"},"image":{"@id":"https:\/\/www.sttk.fi\/#\/schema\/logo\/image\/"},"sameAs":["https:\/\/www.facebook.com\/#!\/KeskusjarjestoSTTK","https:\/\/x.com\/STTKMikonkatu","http:\/\/www.youtube.com\/user\/protoimihenkilot"]}]}},"_links":{"self":[{"href":"https:\/\/www.sttk.fi\/sv\/wp-json\/wp\/v2\/pages\/21443","targetHints":{"allow":["GET"]}}],"collection":[{"href":"https:\/\/www.sttk.fi\/sv\/wp-json\/wp\/v2\/pages"}],"about":[{"href":"https:\/\/www.sttk.fi\/sv\/wp-json\/wp\/v2\/types\/page"}],"author":[{"embeddable":true,"href":"https:\/\/www.sttk.fi\/sv\/wp-json\/wp\/v2\/users\/9"}],"replies":[{"embeddable":true,"href":"https:\/\/www.sttk.fi\/sv\/wp-json\/wp\/v2\/comments?post=21443"}],"version-history":[{"count":3,"href":"https:\/\/www.sttk.fi\/sv\/wp-json\/wp\/v2\/pages\/21443\/revisions"}],"predecessor-version":[{"id":55373,"href":"https:\/\/www.sttk.fi\/sv\/wp-json\/wp\/v2\/pages\/21443\/revisions\/55373"}],"up":[{"embeddable":true,"href":"https:\/\/www.sttk.fi\/sv\/wp-json\/wp\/v2\/pages\/21394"}],"wp:featuredmedia":[{"embeddable":true,"href":"https:\/\/www.sttk.fi\/sv\/wp-json\/wp\/v2\/media\/21444"}],"wp:attachment":[{"href":"https:\/\/www.sttk.fi\/sv\/wp-json\/wp\/v2\/media?parent=21443"}],"wp:term":[{"taxonomy":"subject","embeddable":true,"href":"https:\/\/www.sttk.fi\/sv\/wp-json\/wp\/v2\/subject?post=21443"}],"curies":[{"name":"wp","href":"https:\/\/api.w.org\/{rel}","templated":true}]}}