{"id":21412,"date":"2019-06-17T13:28:22","date_gmt":"2019-06-17T10:28:22","guid":{"rendered":"https:\/\/sttk.qa.web-veistamo.fi\/?page_id=21412"},"modified":"2025-12-08T09:45:43","modified_gmt":"2025-12-08T07:45:43","slug":"basinformation-om-vara-medlemmar","status":"publish","type":"page","link":"https:\/\/www.sttk.fi\/sv\/mika-sttk\/basinformation-om-vara-medlemmar\/","title":{"rendered":"Basinformation om v\u00e5ra medlemmar"},"content":{"rendered":"\n<h5 class=\"wp-block-heading\">V\u00e5r medlemsk\u00e5r best\u00e5r av sakkunniga och yrkespersoner med varierande utbildningsbakgrund. De arbetar till exempel inom industrin, inom h\u00e4lsov\u00e5rden, och inom servicebranscherna.<\/h5>\n\n\n\n<p>76 % av v\u00e5ra medlemmar \u00e4r kvinnor.<br>Genomsnitts\u00e5ldern hos v\u00e5ra medlemmar \u00e4r cirka 49 \u00e5r.<br>Medlemmarna arbetar i genomsnitt 38,3 timmar per vecka.<br>Medell\u00f6n 3000 \u20ac\/m\u00e5n.<\/p>\n\n\n\n<figure class=\"wp-block-image size-large\"><img loading=\"lazy\" decoding=\"async\" width=\"1024\" height=\"683\" src=\"https:\/\/sttk.fi\/wp-content\/uploads\/sites\/2\/2020\/12\/aulapalaveristtk-1024x683.jpg\" alt=\"STTK\" class=\"wp-image-31052\" srcset=\"https:\/\/www.sttk.fi\/wp-content\/uploads\/sites\/2\/2020\/12\/aulapalaveristtk-1024x683.jpg 1024w, https:\/\/www.sttk.fi\/wp-content\/uploads\/sites\/2\/2020\/12\/aulapalaveristtk-300x200.jpg 300w, https:\/\/www.sttk.fi\/wp-content\/uploads\/sites\/2\/2020\/12\/aulapalaveristtk-768x512.jpg 768w, https:\/\/www.sttk.fi\/wp-content\/uploads\/sites\/2\/2020\/12\/aulapalaveristtk-1400x933.jpg 1400w, https:\/\/www.sttk.fi\/wp-content\/uploads\/sites\/2\/2020\/12\/aulapalaveristtk-992x661.jpg 992w, https:\/\/www.sttk.fi\/wp-content\/uploads\/sites\/2\/2020\/12\/aulapalaveristtk-14x8.jpg 14w, https:\/\/www.sttk.fi\/wp-content\/uploads\/sites\/2\/2020\/12\/aulapalaveristtk.jpg 1500w\" sizes=\"auto, (max-width: 1024px) 100vw, 1024px\" \/><\/figure>\n\n\n\n<h4 class=\"wp-block-heading\">Utbildning<\/h4>\n\n\n\n<p>YH-examen 30 %<br>universitets- eller h\u00f6gskoleexamen 5 %<br>examen fr\u00e5n andra gradens yrkesutbildning 27 %<br>institutsexamen 31 %<br>annan 7 %<\/p>\n\n\n\n<h4 class=\"wp-block-heading\">Arbetsgivare<\/h4>\n\n\n\n<p>offentlig sektor 55 %<br>privat sektor 45 %<\/p>\n\n\n\n<h4 class=\"wp-block-heading\">Tj\u00e4nstef\u00f6rh\u00e5llande<\/h4>\n\n\n\n<p>fast arbetsf\u00f6rh\u00e5llande 88 %<br>tidsbest\u00e4mt arbetsf\u00f6rh\u00e5llande 12 %<\/p>\n","protected":false},"excerpt":{"rendered":"V\u00e5r medlemsk\u00e5r best\u00e5r av sakkunniga och yrkespersoner med varierande utbildningsbakgrund. De arbetar till exempel inom industrin, inom h\u00e4lsov\u00e5rden,&#8230; ","protected":false},"author":9,"featured_media":0,"parent":2061,"menu_order":4,"comment_status":"closed","ping_status":"closed","template":"","meta":{"_acf_changed":false,"footnotes":""},"subject":[],"class_list":["post-21412","page","type-page","status-publish","hentry"],"acf":{"lead_paragraph":""},"yoast_head":"<!-- This site is optimized with the Yoast SEO plugin v27.5 - https:\/\/yoast.com\/product\/yoast-seo-wordpress\/ -->\n<title>Basinformation om v\u00e5ra medlemmar - STTK<\/title>\n<meta name=\"robots\" content=\"index, follow, max-snippet:-1, max-image-preview:large, max-video-preview:-1\" \/>\n<link rel=\"canonical\" href=\"https:\/\/www.sttk.fi\/sv\/mika-sttk\/basinformation-om-vara-medlemmar\/\" \/>\n<meta property=\"og:locale\" content=\"sv_SE\" \/>\n<meta property=\"og:type\" content=\"article\" \/>\n<meta property=\"og:title\" content=\"Basinformation om v\u00e5ra medlemmar - STTK\" \/>\n<meta property=\"og:description\" content=\"V\u00e5r medlemsk\u00e5r best\u00e5r av sakkunniga och yrkespersoner med varierande utbildningsbakgrund. De arbetar till exempel inom industrin, inom h\u00e4lsov\u00e5rden,...\" \/>\n<meta property=\"og:url\" content=\"https:\/\/www.sttk.fi\/sv\/mika-sttk\/basinformation-om-vara-medlemmar\/\" \/>\n<meta property=\"og:site_name\" content=\"STTK\" \/>\n<meta property=\"article:publisher\" content=\"https:\/\/www.facebook.com\/#%21%2fKeskusjarjestoSTTK\" \/>\n<meta property=\"article:modified_time\" content=\"2025-12-08T07:45:43+00:00\" \/>\n<meta property=\"og:image\" content=\"https:\/\/www.sttk.fi\/wp-content\/uploads\/sites\/2\/2020\/12\/aulapalaveristtk.jpg\" \/>\n\t<meta property=\"og:image:width\" content=\"1500\" \/>\n\t<meta property=\"og:image:height\" content=\"1000\" \/>\n\t<meta property=\"og:image:type\" content=\"image\/jpeg\" \/>\n<meta name=\"twitter:card\" content=\"summary_large_image\" \/>\n<meta name=\"twitter:site\" content=\"@STTKMikonkatu\" \/>\n<script type=\"application\/ld+json\" class=\"yoast-schema-graph\">{\"@context\":\"https:\\\/\\\/schema.org\",\"@graph\":[{\"@type\":\"WebPage\",\"@id\":\"https:\\\/\\\/www.sttk.fi\\\/sv\\\/mika-sttk\\\/basinformation-om-vara-medlemmar\\\/\",\"url\":\"https:\\\/\\\/www.sttk.fi\\\/sv\\\/mika-sttk\\\/basinformation-om-vara-medlemmar\\\/\",\"name\":\"Basinformation om v\u00e5ra medlemmar - STTK\",\"isPartOf\":{\"@id\":\"https:\\\/\\\/www.sttk.fi\\\/#website\"},\"primaryImageOfPage\":{\"@id\":\"https:\\\/\\\/www.sttk.fi\\\/sv\\\/mika-sttk\\\/basinformation-om-vara-medlemmar\\\/#primaryimage\"},\"image\":{\"@id\":\"https:\\\/\\\/www.sttk.fi\\\/sv\\\/mika-sttk\\\/basinformation-om-vara-medlemmar\\\/#primaryimage\"},\"thumbnailUrl\":\"https:\\\/\\\/sttk.fi\\\/wp-content\\\/uploads\\\/sites\\\/2\\\/2020\\\/12\\\/aulapalaveristtk-1024x683.jpg\",\"datePublished\":\"2019-06-17T10:28:22+00:00\",\"dateModified\":\"2025-12-08T07:45:43+00:00\",\"breadcrumb\":{\"@id\":\"https:\\\/\\\/www.sttk.fi\\\/sv\\\/mika-sttk\\\/basinformation-om-vara-medlemmar\\\/#breadcrumb\"},\"inLanguage\":\"sv-SE\",\"potentialAction\":[{\"@type\":\"ReadAction\",\"target\":[\"https:\\\/\\\/www.sttk.fi\\\/sv\\\/mika-sttk\\\/basinformation-om-vara-medlemmar\\\/\"]}]},{\"@type\":\"ImageObject\",\"inLanguage\":\"sv-SE\",\"@id\":\"https:\\\/\\\/www.sttk.fi\\\/sv\\\/mika-sttk\\\/basinformation-om-vara-medlemmar\\\/#primaryimage\",\"url\":\"https:\\\/\\\/sttk.fi\\\/wp-content\\\/uploads\\\/sites\\\/2\\\/2020\\\/12\\\/aulapalaveristtk-1024x683.jpg\",\"contentUrl\":\"https:\\\/\\\/sttk.fi\\\/wp-content\\\/uploads\\\/sites\\\/2\\\/2020\\\/12\\\/aulapalaveristtk-1024x683.jpg\"},{\"@type\":\"BreadcrumbList\",\"@id\":\"https:\\\/\\\/www.sttk.fi\\\/sv\\\/mika-sttk\\\/basinformation-om-vara-medlemmar\\\/#breadcrumb\",\"itemListElement\":[{\"@type\":\"ListItem\",\"position\":1,\"name\":\"Home\",\"item\":\"https:\\\/\\\/www.sttk.fi\\\/sv\\\/\"},{\"@type\":\"ListItem\",\"position\":2,\"name\":\"Vad \u00e4r STTK?\",\"item\":\"https:\\\/\\\/www.sttk.fi\\\/sv\\\/mika-sttk\\\/\"},{\"@type\":\"ListItem\",\"position\":3,\"name\":\"Basinformation om v\u00e5ra medlemmar\"}]},{\"@type\":\"WebSite\",\"@id\":\"https:\\\/\\\/www.sttk.fi\\\/#website\",\"url\":\"https:\\\/\\\/www.sttk.fi\\\/\",\"name\":\"STTK\",\"description\":\"\",\"publisher\":{\"@id\":\"https:\\\/\\\/www.sttk.fi\\\/#organization\"},\"potentialAction\":[{\"@type\":\"SearchAction\",\"target\":{\"@type\":\"EntryPoint\",\"urlTemplate\":\"https:\\\/\\\/www.sttk.fi\\\/?s={search_term_string}\"},\"query-input\":{\"@type\":\"PropertyValueSpecification\",\"valueRequired\":true,\"valueName\":\"search_term_string\"}}],\"inLanguage\":\"sv-SE\"},{\"@type\":\"Organization\",\"@id\":\"https:\\\/\\\/www.sttk.fi\\\/#organization\",\"name\":\"STTK\",\"url\":\"https:\\\/\\\/www.sttk.fi\\\/\",\"logo\":{\"@type\":\"ImageObject\",\"inLanguage\":\"sv-SE\",\"@id\":\"https:\\\/\\\/www.sttk.fi\\\/#\\\/schema\\\/logo\\\/image\\\/\",\"url\":\"https:\\\/\\\/www.sttk.fi\\\/wp-content\\\/uploads\\\/sites\\\/2\\\/2025\\\/12\\\/vector3.svg\",\"contentUrl\":\"https:\\\/\\\/www.sttk.fi\\\/wp-content\\\/uploads\\\/sites\\\/2\\\/2025\\\/12\\\/vector3.svg\",\"caption\":\"STTK\"},\"image\":{\"@id\":\"https:\\\/\\\/www.sttk.fi\\\/#\\\/schema\\\/logo\\\/image\\\/\"},\"sameAs\":[\"https:\\\/\\\/www.facebook.com\\\/#!\\\/KeskusjarjestoSTTK\",\"https:\\\/\\\/x.com\\\/STTKMikonkatu\",\"http:\\\/\\\/www.youtube.com\\\/user\\\/protoimihenkilot\"]}]}<\/script>\n<!-- \/ Yoast SEO plugin. -->","yoast_head_json":{"title":"Basinformation om v\u00e5ra medlemmar - STTK","robots":{"index":"index","follow":"follow","max-snippet":"max-snippet:-1","max-image-preview":"max-image-preview:large","max-video-preview":"max-video-preview:-1"},"canonical":"https:\/\/www.sttk.fi\/sv\/mika-sttk\/basinformation-om-vara-medlemmar\/","og_locale":"sv_SE","og_type":"article","og_title":"Basinformation om v\u00e5ra medlemmar - STTK","og_description":"V\u00e5r medlemsk\u00e5r best\u00e5r av sakkunniga och yrkespersoner med varierande utbildningsbakgrund. De arbetar till exempel inom industrin, inom h\u00e4lsov\u00e5rden,...","og_url":"https:\/\/www.sttk.fi\/sv\/mika-sttk\/basinformation-om-vara-medlemmar\/","og_site_name":"STTK","article_publisher":"https:\/\/www.facebook.com\/#%21%2fKeskusjarjestoSTTK","article_modified_time":"2025-12-08T07:45:43+00:00","og_image":[{"width":1500,"height":1000,"url":"https:\/\/www.sttk.fi\/wp-content\/uploads\/sites\/2\/2020\/12\/aulapalaveristtk.jpg","type":"image\/jpeg"}],"twitter_card":"summary_large_image","twitter_site":"@STTKMikonkatu","schema":{"@context":"https:\/\/schema.org","@graph":[{"@type":"WebPage","@id":"https:\/\/www.sttk.fi\/sv\/mika-sttk\/basinformation-om-vara-medlemmar\/","url":"https:\/\/www.sttk.fi\/sv\/mika-sttk\/basinformation-om-vara-medlemmar\/","name":"Basinformation om v\u00e5ra medlemmar - STTK","isPartOf":{"@id":"https:\/\/www.sttk.fi\/#website"},"primaryImageOfPage":{"@id":"https:\/\/www.sttk.fi\/sv\/mika-sttk\/basinformation-om-vara-medlemmar\/#primaryimage"},"image":{"@id":"https:\/\/www.sttk.fi\/sv\/mika-sttk\/basinformation-om-vara-medlemmar\/#primaryimage"},"thumbnailUrl":"https:\/\/sttk.fi\/wp-content\/uploads\/sites\/2\/2020\/12\/aulapalaveristtk-1024x683.jpg","datePublished":"2019-06-17T10:28:22+00:00","dateModified":"2025-12-08T07:45:43+00:00","breadcrumb":{"@id":"https:\/\/www.sttk.fi\/sv\/mika-sttk\/basinformation-om-vara-medlemmar\/#breadcrumb"},"inLanguage":"sv-SE","potentialAction":[{"@type":"ReadAction","target":["https:\/\/www.sttk.fi\/sv\/mika-sttk\/basinformation-om-vara-medlemmar\/"]}]},{"@type":"ImageObject","inLanguage":"sv-SE","@id":"https:\/\/www.sttk.fi\/sv\/mika-sttk\/basinformation-om-vara-medlemmar\/#primaryimage","url":"https:\/\/sttk.fi\/wp-content\/uploads\/sites\/2\/2020\/12\/aulapalaveristtk-1024x683.jpg","contentUrl":"https:\/\/sttk.fi\/wp-content\/uploads\/sites\/2\/2020\/12\/aulapalaveristtk-1024x683.jpg"},{"@type":"BreadcrumbList","@id":"https:\/\/www.sttk.fi\/sv\/mika-sttk\/basinformation-om-vara-medlemmar\/#breadcrumb","itemListElement":[{"@type":"ListItem","position":1,"name":"Home","item":"https:\/\/www.sttk.fi\/sv\/"},{"@type":"ListItem","position":2,"name":"Vad \u00e4r STTK?","item":"https:\/\/www.sttk.fi\/sv\/mika-sttk\/"},{"@type":"ListItem","position":3,"name":"Basinformation om v\u00e5ra medlemmar"}]},{"@type":"WebSite","@id":"https:\/\/www.sttk.fi\/#website","url":"https:\/\/www.sttk.fi\/","name":"STTK","description":"","publisher":{"@id":"https:\/\/www.sttk.fi\/#organization"},"potentialAction":[{"@type":"SearchAction","target":{"@type":"EntryPoint","urlTemplate":"https:\/\/www.sttk.fi\/?s={search_term_string}"},"query-input":{"@type":"PropertyValueSpecification","valueRequired":true,"valueName":"search_term_string"}}],"inLanguage":"sv-SE"},{"@type":"Organization","@id":"https:\/\/www.sttk.fi\/#organization","name":"STTK","url":"https:\/\/www.sttk.fi\/","logo":{"@type":"ImageObject","inLanguage":"sv-SE","@id":"https:\/\/www.sttk.fi\/#\/schema\/logo\/image\/","url":"https:\/\/www.sttk.fi\/wp-content\/uploads\/sites\/2\/2025\/12\/vector3.svg","contentUrl":"https:\/\/www.sttk.fi\/wp-content\/uploads\/sites\/2\/2025\/12\/vector3.svg","caption":"STTK"},"image":{"@id":"https:\/\/www.sttk.fi\/#\/schema\/logo\/image\/"},"sameAs":["https:\/\/www.facebook.com\/#!\/KeskusjarjestoSTTK","https:\/\/x.com\/STTKMikonkatu","http:\/\/www.youtube.com\/user\/protoimihenkilot"]}]}},"_links":{"self":[{"href":"https:\/\/www.sttk.fi\/sv\/wp-json\/wp\/v2\/pages\/21412","targetHints":{"allow":["GET"]}}],"collection":[{"href":"https:\/\/www.sttk.fi\/sv\/wp-json\/wp\/v2\/pages"}],"about":[{"href":"https:\/\/www.sttk.fi\/sv\/wp-json\/wp\/v2\/types\/page"}],"author":[{"embeddable":true,"href":"https:\/\/www.sttk.fi\/sv\/wp-json\/wp\/v2\/users\/9"}],"replies":[{"embeddable":true,"href":"https:\/\/www.sttk.fi\/sv\/wp-json\/wp\/v2\/comments?post=21412"}],"version-history":[{"count":5,"href":"https:\/\/www.sttk.fi\/sv\/wp-json\/wp\/v2\/pages\/21412\/revisions"}],"predecessor-version":[{"id":55367,"href":"https:\/\/www.sttk.fi\/sv\/wp-json\/wp\/v2\/pages\/21412\/revisions\/55367"}],"up":[{"embeddable":true,"href":"https:\/\/www.sttk.fi\/sv\/wp-json\/wp\/v2\/pages\/2061"}],"wp:attachment":[{"href":"https:\/\/www.sttk.fi\/sv\/wp-json\/wp\/v2\/media?parent=21412"}],"wp:term":[{"taxonomy":"subject","embeddable":true,"href":"https:\/\/www.sttk.fi\/sv\/wp-json\/wp\/v2\/subject?post=21412"}],"curies":[{"name":"wp","href":"https:\/\/api.w.org\/{rel}","templated":true}]}}