{"id":2099,"date":"2019-06-11T15:00:12","date_gmt":"2019-06-11T12:00:12","guid":{"rendered":"http:\/\/sttk.qa.web-veistamo.fi\/?page_id=2099"},"modified":"2025-12-08T09:45:37","modified_gmt":"2025-12-08T07:45:37","slug":"toimisto","status":"publish","type":"page","link":"https:\/\/www.sttk.fi\/sv\/kontakt\/toimisto\/","title":{"rendered":"STTK:s kansli"},"content":{"rendered":"<p>STTK:s kansli sk\u00f6ter organisationens praktiska intressebevakning, f\u00f6rhandlingsverksamhet och samh\u00e4llsp\u00e5verkning. Byr\u00e5ns personal best\u00e5r av experter inom olika omr\u00e5den, och deras uppgifter \u00e4r att f\u00f6rverkliga det \u00e4renden som styrelsen har dragit upp sina riktlinjer f\u00f6r.<\/p>\n","protected":false},"excerpt":{"rendered":"STTK:s kansli sk\u00f6ter organisationens praktiska intressebevakning, f\u00f6rhandlingsverksamhet och samh\u00e4llsp\u00e5verkning. Byr\u00e5ns personal best\u00e5r av experter inom olika omr\u00e5den, och&#8230; ","protected":false},"author":1,"featured_media":0,"parent":1755,"menu_order":0,"comment_status":"open","ping_status":"open","template":"template-contacts.php","meta":{"_acf_changed":false,"footnotes":""},"subject":[],"class_list":["post-2099","page","type-page","status-publish","hentry"],"acf":{"lead_paragraph":""},"yoast_head":"<!-- This site is optimized with the Yoast SEO plugin v27.5 - https:\/\/yoast.com\/product\/yoast-seo-wordpress\/ -->\n<title>STTK:s kansli - STTK<\/title>\n<meta name=\"description\" content=\"STTK:n toimisto hoitaa j\u00e4rjest\u00f6n k\u00e4yt\u00e4nn\u00f6n edunvalvontaa, neuvottelutoimintaa ja yhteiskuntavaikuttamista. Toimiston henkil\u00f6st\u00f6 koostuu eri alojen asiantuntijoista, joiden teht\u00e4v\u00e4n\u00e4 on toteuttaa hallituksen linjaamat asiat.\" \/>\n<meta name=\"robots\" content=\"index, follow, max-snippet:-1, max-image-preview:large, max-video-preview:-1\" \/>\n<link rel=\"canonical\" href=\"https:\/\/www.sttk.fi\/sv\/kontakt\/toimisto\/\" \/>\n<meta property=\"og:locale\" content=\"sv_SE\" \/>\n<meta property=\"og:type\" content=\"article\" \/>\n<meta property=\"og:title\" content=\"STTK:s kansli - STTK\" \/>\n<meta property=\"og:description\" content=\"STTK:n toimisto hoitaa j\u00e4rjest\u00f6n k\u00e4yt\u00e4nn\u00f6n edunvalvontaa, neuvottelutoimintaa ja yhteiskuntavaikuttamista. Toimiston henkil\u00f6st\u00f6 koostuu eri alojen asiantuntijoista, joiden teht\u00e4v\u00e4n\u00e4 on toteuttaa hallituksen linjaamat asiat.\" \/>\n<meta property=\"og:url\" content=\"https:\/\/www.sttk.fi\/sv\/kontakt\/toimisto\/\" \/>\n<meta property=\"og:site_name\" content=\"STTK\" \/>\n<meta property=\"article:publisher\" content=\"https:\/\/www.facebook.com\/#%21%2fKeskusjarjestoSTTK\" \/>\n<meta property=\"article:modified_time\" content=\"2025-12-08T07:45:37+00:00\" \/>\n<meta property=\"og:image\" content=\"https:\/\/www.sttk.fi\/wp-content\/uploads\/sites\/2\/2020\/08\/some-logo.png\" \/>\n\t<meta property=\"og:image:width\" content=\"1130\" \/>\n\t<meta property=\"og:image:height\" content=\"682\" \/>\n\t<meta property=\"og:image:type\" content=\"image\/png\" \/>\n<meta name=\"twitter:card\" content=\"summary_large_image\" \/>\n<meta name=\"twitter:site\" content=\"@STTKMikonkatu\" \/>\n<script type=\"application\/ld+json\" class=\"yoast-schema-graph\">{\"@context\":\"https:\\\/\\\/schema.org\",\"@graph\":[{\"@type\":\"WebPage\",\"@id\":\"https:\\\/\\\/www.sttk.fi\\\/sv\\\/kontakt\\\/toimisto\\\/\",\"url\":\"https:\\\/\\\/www.sttk.fi\\\/sv\\\/kontakt\\\/toimisto\\\/\",\"name\":\"STTK:s kansli - STTK\",\"isPartOf\":{\"@id\":\"https:\\\/\\\/www.sttk.fi\\\/#website\"},\"datePublished\":\"2019-06-11T12:00:12+00:00\",\"dateModified\":\"2025-12-08T07:45:37+00:00\",\"description\":\"STTK:n toimisto hoitaa j\u00e4rjest\u00f6n k\u00e4yt\u00e4nn\u00f6n edunvalvontaa, neuvottelutoimintaa ja yhteiskuntavaikuttamista. Toimiston henkil\u00f6st\u00f6 koostuu eri alojen asiantuntijoista, joiden teht\u00e4v\u00e4n\u00e4 on toteuttaa hallituksen linjaamat asiat.\",\"breadcrumb\":{\"@id\":\"https:\\\/\\\/www.sttk.fi\\\/sv\\\/kontakt\\\/toimisto\\\/#breadcrumb\"},\"inLanguage\":\"sv-SE\",\"potentialAction\":[{\"@type\":\"ReadAction\",\"target\":[\"https:\\\/\\\/www.sttk.fi\\\/sv\\\/kontakt\\\/toimisto\\\/\"]}]},{\"@type\":\"BreadcrumbList\",\"@id\":\"https:\\\/\\\/www.sttk.fi\\\/sv\\\/kontakt\\\/toimisto\\\/#breadcrumb\",\"itemListElement\":[{\"@type\":\"ListItem\",\"position\":1,\"name\":\"Home\",\"item\":\"https:\\\/\\\/www.sttk.fi\\\/sv\\\/\"},{\"@type\":\"ListItem\",\"position\":2,\"name\":\"Kontaktuppgifter\",\"item\":\"https:\\\/\\\/www.sttk.fi\\\/sv\\\/kontakt\\\/\"},{\"@type\":\"ListItem\",\"position\":3,\"name\":\"STTK:s kansli\"}]},{\"@type\":\"WebSite\",\"@id\":\"https:\\\/\\\/www.sttk.fi\\\/#website\",\"url\":\"https:\\\/\\\/www.sttk.fi\\\/\",\"name\":\"STTK\",\"description\":\"\",\"publisher\":{\"@id\":\"https:\\\/\\\/www.sttk.fi\\\/#organization\"},\"potentialAction\":[{\"@type\":\"SearchAction\",\"target\":{\"@type\":\"EntryPoint\",\"urlTemplate\":\"https:\\\/\\\/www.sttk.fi\\\/?s={search_term_string}\"},\"query-input\":{\"@type\":\"PropertyValueSpecification\",\"valueRequired\":true,\"valueName\":\"search_term_string\"}}],\"inLanguage\":\"sv-SE\"},{\"@type\":\"Organization\",\"@id\":\"https:\\\/\\\/www.sttk.fi\\\/#organization\",\"name\":\"STTK\",\"url\":\"https:\\\/\\\/www.sttk.fi\\\/\",\"logo\":{\"@type\":\"ImageObject\",\"inLanguage\":\"sv-SE\",\"@id\":\"https:\\\/\\\/www.sttk.fi\\\/#\\\/schema\\\/logo\\\/image\\\/\",\"url\":\"https:\\\/\\\/www.sttk.fi\\\/wp-content\\\/uploads\\\/sites\\\/2\\\/2025\\\/12\\\/vector3.svg\",\"contentUrl\":\"https:\\\/\\\/www.sttk.fi\\\/wp-content\\\/uploads\\\/sites\\\/2\\\/2025\\\/12\\\/vector3.svg\",\"caption\":\"STTK\"},\"image\":{\"@id\":\"https:\\\/\\\/www.sttk.fi\\\/#\\\/schema\\\/logo\\\/image\\\/\"},\"sameAs\":[\"https:\\\/\\\/www.facebook.com\\\/#!\\\/KeskusjarjestoSTTK\",\"https:\\\/\\\/x.com\\\/STTKMikonkatu\",\"http:\\\/\\\/www.youtube.com\\\/user\\\/protoimihenkilot\"]}]}<\/script>\n<!-- \/ Yoast SEO plugin. -->","yoast_head_json":{"title":"STTK:s kansli - STTK","description":"STTK:n toimisto hoitaa j\u00e4rjest\u00f6n k\u00e4yt\u00e4nn\u00f6n edunvalvontaa, neuvottelutoimintaa ja yhteiskuntavaikuttamista. Toimiston henkil\u00f6st\u00f6 koostuu eri alojen asiantuntijoista, joiden teht\u00e4v\u00e4n\u00e4 on toteuttaa hallituksen linjaamat asiat.","robots":{"index":"index","follow":"follow","max-snippet":"max-snippet:-1","max-image-preview":"max-image-preview:large","max-video-preview":"max-video-preview:-1"},"canonical":"https:\/\/www.sttk.fi\/sv\/kontakt\/toimisto\/","og_locale":"sv_SE","og_type":"article","og_title":"STTK:s kansli - STTK","og_description":"STTK:n toimisto hoitaa j\u00e4rjest\u00f6n k\u00e4yt\u00e4nn\u00f6n edunvalvontaa, neuvottelutoimintaa ja yhteiskuntavaikuttamista. Toimiston henkil\u00f6st\u00f6 koostuu eri alojen asiantuntijoista, joiden teht\u00e4v\u00e4n\u00e4 on toteuttaa hallituksen linjaamat asiat.","og_url":"https:\/\/www.sttk.fi\/sv\/kontakt\/toimisto\/","og_site_name":"STTK","article_publisher":"https:\/\/www.facebook.com\/#%21%2fKeskusjarjestoSTTK","article_modified_time":"2025-12-08T07:45:37+00:00","og_image":[{"width":1130,"height":682,"url":"https:\/\/www.sttk.fi\/wp-content\/uploads\/sites\/2\/2020\/08\/some-logo.png","type":"image\/png"}],"twitter_card":"summary_large_image","twitter_site":"@STTKMikonkatu","schema":{"@context":"https:\/\/schema.org","@graph":[{"@type":"WebPage","@id":"https:\/\/www.sttk.fi\/sv\/kontakt\/toimisto\/","url":"https:\/\/www.sttk.fi\/sv\/kontakt\/toimisto\/","name":"STTK:s kansli - STTK","isPartOf":{"@id":"https:\/\/www.sttk.fi\/#website"},"datePublished":"2019-06-11T12:00:12+00:00","dateModified":"2025-12-08T07:45:37+00:00","description":"STTK:n toimisto hoitaa j\u00e4rjest\u00f6n k\u00e4yt\u00e4nn\u00f6n edunvalvontaa, neuvottelutoimintaa ja yhteiskuntavaikuttamista. Toimiston henkil\u00f6st\u00f6 koostuu eri alojen asiantuntijoista, joiden teht\u00e4v\u00e4n\u00e4 on toteuttaa hallituksen linjaamat asiat.","breadcrumb":{"@id":"https:\/\/www.sttk.fi\/sv\/kontakt\/toimisto\/#breadcrumb"},"inLanguage":"sv-SE","potentialAction":[{"@type":"ReadAction","target":["https:\/\/www.sttk.fi\/sv\/kontakt\/toimisto\/"]}]},{"@type":"BreadcrumbList","@id":"https:\/\/www.sttk.fi\/sv\/kontakt\/toimisto\/#breadcrumb","itemListElement":[{"@type":"ListItem","position":1,"name":"Home","item":"https:\/\/www.sttk.fi\/sv\/"},{"@type":"ListItem","position":2,"name":"Kontaktuppgifter","item":"https:\/\/www.sttk.fi\/sv\/kontakt\/"},{"@type":"ListItem","position":3,"name":"STTK:s kansli"}]},{"@type":"WebSite","@id":"https:\/\/www.sttk.fi\/#website","url":"https:\/\/www.sttk.fi\/","name":"STTK","description":"","publisher":{"@id":"https:\/\/www.sttk.fi\/#organization"},"potentialAction":[{"@type":"SearchAction","target":{"@type":"EntryPoint","urlTemplate":"https:\/\/www.sttk.fi\/?s={search_term_string}"},"query-input":{"@type":"PropertyValueSpecification","valueRequired":true,"valueName":"search_term_string"}}],"inLanguage":"sv-SE"},{"@type":"Organization","@id":"https:\/\/www.sttk.fi\/#organization","name":"STTK","url":"https:\/\/www.sttk.fi\/","logo":{"@type":"ImageObject","inLanguage":"sv-SE","@id":"https:\/\/www.sttk.fi\/#\/schema\/logo\/image\/","url":"https:\/\/www.sttk.fi\/wp-content\/uploads\/sites\/2\/2025\/12\/vector3.svg","contentUrl":"https:\/\/www.sttk.fi\/wp-content\/uploads\/sites\/2\/2025\/12\/vector3.svg","caption":"STTK"},"image":{"@id":"https:\/\/www.sttk.fi\/#\/schema\/logo\/image\/"},"sameAs":["https:\/\/www.facebook.com\/#!\/KeskusjarjestoSTTK","https:\/\/x.com\/STTKMikonkatu","http:\/\/www.youtube.com\/user\/protoimihenkilot"]}]}},"_links":{"self":[{"href":"https:\/\/www.sttk.fi\/sv\/wp-json\/wp\/v2\/pages\/2099","targetHints":{"allow":["GET"]}}],"collection":[{"href":"https:\/\/www.sttk.fi\/sv\/wp-json\/wp\/v2\/pages"}],"about":[{"href":"https:\/\/www.sttk.fi\/sv\/wp-json\/wp\/v2\/types\/page"}],"author":[{"embeddable":true,"href":"https:\/\/www.sttk.fi\/sv\/wp-json\/wp\/v2\/users\/1"}],"replies":[{"embeddable":true,"href":"https:\/\/www.sttk.fi\/sv\/wp-json\/wp\/v2\/comments?post=2099"}],"version-history":[{"count":14,"href":"https:\/\/www.sttk.fi\/sv\/wp-json\/wp\/v2\/pages\/2099\/revisions"}],"predecessor-version":[{"id":24073,"href":"https:\/\/www.sttk.fi\/sv\/wp-json\/wp\/v2\/pages\/2099\/revisions\/24073"}],"up":[{"embeddable":true,"href":"https:\/\/www.sttk.fi\/sv\/wp-json\/wp\/v2\/pages\/1755"}],"wp:attachment":[{"href":"https:\/\/www.sttk.fi\/sv\/wp-json\/wp\/v2\/media?parent=2099"}],"wp:term":[{"taxonomy":"subject","embeddable":true,"href":"https:\/\/www.sttk.fi\/sv\/wp-json\/wp\/v2\/subject?post=2099"}],"curies":[{"name":"wp","href":"https:\/\/api.w.org\/{rel}","templated":true}]}}