{"id":55540,"date":"2025-12-08T15:52:32","date_gmt":"2025-12-08T13:52:32","guid":{"rendered":"https:\/\/www.sttk.fi\/?page_id=55540"},"modified":"2026-01-16T10:03:47","modified_gmt":"2026-01-16T08:03:47","slug":"regulation-of-working-life","status":"publish","type":"page","link":"https:\/\/www.sttk.fi\/en\/regulation-of-working-life\/","title":{"rendered":"Regulation of Working life"},"content":{"rendered":"\n<p class=\"lead-paragraph\"><\/p>\n\n\n\n<h2 class=\"wp-block-heading\" id=\"kansainv\u00e4linen\">International Agreements<\/h2>\n\n\n\n<p>Decisions affecting Finland are increasingly made beyond our borders. Finland has been a member of the International Labour Organization (ILO) since 1920 and, like other Nordic countries, has ratified several ILO conventions and recommendations. Finnish labour legislation has for decades been built on fundamental principles derived from ILO conventions, such as the principle of worker protection, freedom of association, and the right to collective bargaining. It is essential that ILO agreements continue to be respected in Finland.<\/p>\n\n\n\n<p>The future of the European Union has a broad impact on Finnish society, working life, and the economy. From the employees\u2019 perspective, the EU plays a major role in developing labour and social rights and ensuring stability. Common minimum legislation creates an economically, socially, and ecologically fair framework for the internal market.<\/p>\n\n\n\n<p>STTK engages in international cooperation, focusing primarily on European and regional advocacy, but also globally. International collaboration ensures greater influence on our key objectives. We promote workers\u2019 rights worldwide through the International Trade Union Confederation (ITUC) and in Europe through the European Trade Union Confederation (ETUC).<\/p>\n\n\n\n<p>The trade union movement plays a crucial role in advancing fundamental rights both globally and within the EU, including candidate countries. By influencing issues important to the employees in Europe, we also contribute to improving working life worldwide. A key part of STTK\u2019s international work is participating in the preparation of EU directives and agreements that concern working life.<\/p>\n\n\n\n<p>Through international advocacy, we aim to develop EU-level minimum standards for working life, improve social dialogue between labour market parties at the EU level, and strengthen trade unions\u2019 abilities to act as defenders of workers\u2019 rights.<\/p>\n\n\n\n<h2 class=\"wp-block-heading\" id=\"ty\u00f6lains\u00e4\u00e4d\u00e4nt\u00f6\">Labour Legislation<\/h2>\n\n\n\n<p>Labour legislation is prepared through tripartite cooperation, which means that employee and employer organizations and the government are involved. In addition to labour laws, collective agreements in various sectors define employees\u2019 working conditions.<\/p>\n\n\n\n<p>The Orpo government has introduced several changes to labour legislation that weaken employees\u2019 position in relation to the employers. STTK has highlighted that tripartite law-making has not been implemented fairly during these reforms.<\/p>\n\n\n\n<h2 class=\"wp-block-heading\" id=\"tessi\">Collective Agreements<\/h2>\n\n\n\n<p>Strong and stable universality and the collective agreement system are cornerstones of the Finnish contractual society. Collective agreements are essential for wage development, they reduce income disparities, and prevent wage dumping. They safeguard minimum conditions for employees and allow for better terms to be agreed locally.<\/p>\n\n\n\n<p>A collective agreement is an agreement between trade unions and an employer or employer association on working conditions for a specific sector or employer. It defines for example wages and working hours. Agreement periods usually last 1\u20133 years and are determined during negotiations.<\/p>\n\n\n\n<p>STTK member unions negotiate sector-wide and company-specific collective agreements. These agreements are an effective way to improve working life, for example, in terms of equality and non-discrimination. Developing pay systems based on job demands and performance is one way to reduce the gender pay gap. Agreements can also include solutions that support a more balanced distribution of care responsibilities.<\/p>\n\n\n\n<h2 class=\"wp-block-heading\" id=\"paikallinen\">Local Bargaining<\/h2>\n\n\n\n<p>Local bargaining has been a topic of discussion in the labour market for years, and employers in particular want to increase it. Local agreements are already common, and depending on the collective agreement, many issues\u2014such as working hours\u2014can be negotiated locally.<\/p>\n\n\n\n<p>Successful local bargaining requires mutual trust and, above all, competence. Both parties must agree on the necessity of the agreement, and no pressure should be involved in making it.<\/p>\n\n\n\n<p>Shop stewards play a key role in local agreements. Trade unions negotiating collective agreements have detailed knowledge of their application, which they share with shop stewards through training. Shop steward training is comprehensive and provides skills for both interpreting agreement provisions and participating in negotiations.<\/p>\n\n\n\n<p>STTK supports promoting local bargaining through collective agreements. Increasing local bargaining requires strengthening shop the stewards\u2019 negotiating position and resources to ensure balanced negotiations.<\/p>\n\n\n\n<p><a id=\"_msocom_1\"><\/a><\/p>\n","protected":false},"excerpt":{"rendered":"International Agreements Decisions affecting Finland are increasingly made beyond our borders. Finland has been a member of the&#8230; ","protected":false},"author":13,"featured_media":0,"parent":0,"menu_order":0,"comment_status":"closed","ping_status":"closed","template":"","meta":{"_acf_changed":false,"footnotes":""},"subject":[],"class_list":["post-55540","page","type-page","status-publish","hentry"],"acf":{"lead_paragraph":"International agreements and EU regulations form the foundation of Finnish working life. Finland is committed to the principles of the ILO, such as the protection of workers and the right to negotiate. STTK works both in Europe and globally to promote workers\u2019 rights."},"yoast_head":"<!-- This site is optimized with the Yoast SEO plugin v27.4 - https:\/\/yoast.com\/product\/yoast-seo-wordpress\/ -->\n<title>Regulation of Working life - STTK<\/title>\n<meta name=\"robots\" content=\"index, follow, max-snippet:-1, max-image-preview:large, max-video-preview:-1\" \/>\n<link rel=\"canonical\" href=\"https:\/\/www.sttk.fi\/en\/regulation-of-working-life\/\" \/>\n<meta property=\"og:locale\" content=\"en_US\" \/>\n<meta property=\"og:type\" content=\"article\" \/>\n<meta property=\"og:title\" content=\"Regulation of Working life - STTK\" \/>\n<meta property=\"og:description\" content=\"International Agreements Decisions affecting Finland are increasingly made beyond our borders. Finland has been a member of the...\" \/>\n<meta property=\"og:url\" content=\"https:\/\/www.sttk.fi\/en\/regulation-of-working-life\/\" \/>\n<meta property=\"og:site_name\" content=\"STTK\" \/>\n<meta property=\"article:publisher\" content=\"https:\/\/www.facebook.com\/#%21%2fKeskusjarjestoSTTK\" \/>\n<meta property=\"article:modified_time\" content=\"2026-01-16T08:03:47+00:00\" \/>\n<meta property=\"og:image\" content=\"https:\/\/www.sttk.fi\/wp-content\/uploads\/sites\/2\/2020\/08\/some-logo.png\" \/>\n\t<meta property=\"og:image:width\" content=\"1130\" \/>\n\t<meta property=\"og:image:height\" content=\"682\" \/>\n\t<meta property=\"og:image:type\" content=\"image\/png\" \/>\n<meta name=\"twitter:card\" content=\"summary_large_image\" \/>\n<meta name=\"twitter:site\" content=\"@STTKMikonkatu\" \/>\n<meta name=\"twitter:label1\" content=\"Est. reading time\" \/>\n\t<meta name=\"twitter:data1\" content=\"4 minutes\" \/>\n<script type=\"application\/ld+json\" class=\"yoast-schema-graph\">{\"@context\":\"https:\\\/\\\/schema.org\",\"@graph\":[{\"@type\":\"WebPage\",\"@id\":\"https:\\\/\\\/www.sttk.fi\\\/en\\\/regulation-of-working-life\\\/\",\"url\":\"https:\\\/\\\/www.sttk.fi\\\/en\\\/regulation-of-working-life\\\/\",\"name\":\"Regulation of Working life - STTK\",\"isPartOf\":{\"@id\":\"https:\\\/\\\/www.sttk.fi\\\/#website\"},\"datePublished\":\"2025-12-08T13:52:32+00:00\",\"dateModified\":\"2026-01-16T08:03:47+00:00\",\"breadcrumb\":{\"@id\":\"https:\\\/\\\/www.sttk.fi\\\/en\\\/regulation-of-working-life\\\/#breadcrumb\"},\"inLanguage\":\"en-US\",\"potentialAction\":[{\"@type\":\"ReadAction\",\"target\":[\"https:\\\/\\\/www.sttk.fi\\\/en\\\/regulation-of-working-life\\\/\"]}]},{\"@type\":\"BreadcrumbList\",\"@id\":\"https:\\\/\\\/www.sttk.fi\\\/en\\\/regulation-of-working-life\\\/#breadcrumb\",\"itemListElement\":[{\"@type\":\"ListItem\",\"position\":1,\"name\":\"Home\",\"item\":\"https:\\\/\\\/www.sttk.fi\\\/en\\\/\"},{\"@type\":\"ListItem\",\"position\":2,\"name\":\"Regulation of Working life\"}]},{\"@type\":\"WebSite\",\"@id\":\"https:\\\/\\\/www.sttk.fi\\\/#website\",\"url\":\"https:\\\/\\\/www.sttk.fi\\\/\",\"name\":\"STTK\",\"description\":\"\",\"publisher\":{\"@id\":\"https:\\\/\\\/www.sttk.fi\\\/#organization\"},\"potentialAction\":[{\"@type\":\"SearchAction\",\"target\":{\"@type\":\"EntryPoint\",\"urlTemplate\":\"https:\\\/\\\/www.sttk.fi\\\/?s={search_term_string}\"},\"query-input\":{\"@type\":\"PropertyValueSpecification\",\"valueRequired\":true,\"valueName\":\"search_term_string\"}}],\"inLanguage\":\"en-US\"},{\"@type\":\"Organization\",\"@id\":\"https:\\\/\\\/www.sttk.fi\\\/#organization\",\"name\":\"STTK\",\"url\":\"https:\\\/\\\/www.sttk.fi\\\/\",\"logo\":{\"@type\":\"ImageObject\",\"inLanguage\":\"en-US\",\"@id\":\"https:\\\/\\\/www.sttk.fi\\\/#\\\/schema\\\/logo\\\/image\\\/\",\"url\":\"https:\\\/\\\/www.sttk.fi\\\/wp-content\\\/uploads\\\/sites\\\/2\\\/2025\\\/12\\\/vector3.svg\",\"contentUrl\":\"https:\\\/\\\/www.sttk.fi\\\/wp-content\\\/uploads\\\/sites\\\/2\\\/2025\\\/12\\\/vector3.svg\",\"caption\":\"STTK\"},\"image\":{\"@id\":\"https:\\\/\\\/www.sttk.fi\\\/#\\\/schema\\\/logo\\\/image\\\/\"},\"sameAs\":[\"https:\\\/\\\/www.facebook.com\\\/#!\\\/KeskusjarjestoSTTK\",\"https:\\\/\\\/x.com\\\/STTKMikonkatu\",\"http:\\\/\\\/www.youtube.com\\\/user\\\/protoimihenkilot\"]}]}<\/script>\n<!-- \/ Yoast SEO plugin. -->","yoast_head_json":{"title":"Regulation of Working life - STTK","robots":{"index":"index","follow":"follow","max-snippet":"max-snippet:-1","max-image-preview":"max-image-preview:large","max-video-preview":"max-video-preview:-1"},"canonical":"https:\/\/www.sttk.fi\/en\/regulation-of-working-life\/","og_locale":"en_US","og_type":"article","og_title":"Regulation of Working life - STTK","og_description":"International Agreements Decisions affecting Finland are increasingly made beyond our borders. Finland has been a member of the...","og_url":"https:\/\/www.sttk.fi\/en\/regulation-of-working-life\/","og_site_name":"STTK","article_publisher":"https:\/\/www.facebook.com\/#%21%2fKeskusjarjestoSTTK","article_modified_time":"2026-01-16T08:03:47+00:00","og_image":[{"width":1130,"height":682,"url":"https:\/\/www.sttk.fi\/wp-content\/uploads\/sites\/2\/2020\/08\/some-logo.png","type":"image\/png"}],"twitter_card":"summary_large_image","twitter_site":"@STTKMikonkatu","twitter_misc":{"Est. reading time":"4 minutes"},"schema":{"@context":"https:\/\/schema.org","@graph":[{"@type":"WebPage","@id":"https:\/\/www.sttk.fi\/en\/regulation-of-working-life\/","url":"https:\/\/www.sttk.fi\/en\/regulation-of-working-life\/","name":"Regulation of Working life - STTK","isPartOf":{"@id":"https:\/\/www.sttk.fi\/#website"},"datePublished":"2025-12-08T13:52:32+00:00","dateModified":"2026-01-16T08:03:47+00:00","breadcrumb":{"@id":"https:\/\/www.sttk.fi\/en\/regulation-of-working-life\/#breadcrumb"},"inLanguage":"en-US","potentialAction":[{"@type":"ReadAction","target":["https:\/\/www.sttk.fi\/en\/regulation-of-working-life\/"]}]},{"@type":"BreadcrumbList","@id":"https:\/\/www.sttk.fi\/en\/regulation-of-working-life\/#breadcrumb","itemListElement":[{"@type":"ListItem","position":1,"name":"Home","item":"https:\/\/www.sttk.fi\/en\/"},{"@type":"ListItem","position":2,"name":"Regulation of Working life"}]},{"@type":"WebSite","@id":"https:\/\/www.sttk.fi\/#website","url":"https:\/\/www.sttk.fi\/","name":"STTK","description":"","publisher":{"@id":"https:\/\/www.sttk.fi\/#organization"},"potentialAction":[{"@type":"SearchAction","target":{"@type":"EntryPoint","urlTemplate":"https:\/\/www.sttk.fi\/?s={search_term_string}"},"query-input":{"@type":"PropertyValueSpecification","valueRequired":true,"valueName":"search_term_string"}}],"inLanguage":"en-US"},{"@type":"Organization","@id":"https:\/\/www.sttk.fi\/#organization","name":"STTK","url":"https:\/\/www.sttk.fi\/","logo":{"@type":"ImageObject","inLanguage":"en-US","@id":"https:\/\/www.sttk.fi\/#\/schema\/logo\/image\/","url":"https:\/\/www.sttk.fi\/wp-content\/uploads\/sites\/2\/2025\/12\/vector3.svg","contentUrl":"https:\/\/www.sttk.fi\/wp-content\/uploads\/sites\/2\/2025\/12\/vector3.svg","caption":"STTK"},"image":{"@id":"https:\/\/www.sttk.fi\/#\/schema\/logo\/image\/"},"sameAs":["https:\/\/www.facebook.com\/#!\/KeskusjarjestoSTTK","https:\/\/x.com\/STTKMikonkatu","http:\/\/www.youtube.com\/user\/protoimihenkilot"]}]}},"_links":{"self":[{"href":"https:\/\/www.sttk.fi\/en\/wp-json\/wp\/v2\/pages\/55540","targetHints":{"allow":["GET"]}}],"collection":[{"href":"https:\/\/www.sttk.fi\/en\/wp-json\/wp\/v2\/pages"}],"about":[{"href":"https:\/\/www.sttk.fi\/en\/wp-json\/wp\/v2\/types\/page"}],"author":[{"embeddable":true,"href":"https:\/\/www.sttk.fi\/en\/wp-json\/wp\/v2\/users\/13"}],"replies":[{"embeddable":true,"href":"https:\/\/www.sttk.fi\/en\/wp-json\/wp\/v2\/comments?post=55540"}],"version-history":[{"count":4,"href":"https:\/\/www.sttk.fi\/en\/wp-json\/wp\/v2\/pages\/55540\/revisions"}],"predecessor-version":[{"id":55986,"href":"https:\/\/www.sttk.fi\/en\/wp-json\/wp\/v2\/pages\/55540\/revisions\/55986"}],"wp:attachment":[{"href":"https:\/\/www.sttk.fi\/en\/wp-json\/wp\/v2\/media?parent=55540"}],"wp:term":[{"taxonomy":"subject","embeddable":true,"href":"https:\/\/www.sttk.fi\/en\/wp-json\/wp\/v2\/subject?post=55540"}],"curies":[{"name":"wp","href":"https:\/\/api.w.org\/{rel}","templated":true}]}}